{"id":1265,"date":"2020-03-18T16:40:50","date_gmt":"2020-03-18T16:40:50","guid":{"rendered":"https:\/\/andreasbadenracing.de\/partenaire"},"modified":"2023-10-12T15:34:10","modified_gmt":"2023-10-12T15:34:10","slug":"partenaire","status":"publish","type":"page","link":"https:\/\/andreasbadenracing.de\/fr\/partenaire\/","title":{"rendered":"partenaire"},"content":{"rendered":"\t\t<div data-elementor-type=\"wp-page\" data-elementor-id=\"1265\" class=\"elementor elementor-1265\" data-elementor-post-type=\"page\">\n\t\t\t\t\t\t<section class=\"elementor-section elementor-top-section elementor-element elementor-element-2c02a96 elementor-section-boxed elementor-section-height-default elementor-section-height-default\" data-id=\"2c02a96\" data-element_type=\"section\" data-e-type=\"section\">\n\t\t\t\t\t\t<div class=\"elementor-container elementor-column-gap-default\">\n\t\t\t\t\t<div class=\"elementor-column elementor-col-100 elementor-top-column elementor-element elementor-element-dab7344\" data-id=\"dab7344\" data-element_type=\"column\" data-e-type=\"column\">\n\t\t\t<div class=\"elementor-widget-wrap elementor-element-populated\">\n\t\t\t\t\t\t<div class=\"elementor-element elementor-element-7486a90 elementor-widget elementor-widget-image\" data-id=\"7486a90\" data-element_type=\"widget\" data-e-type=\"widget\" data-widget_type=\"image.default\">\n\t\t\t\t<div class=\"elementor-widget-container\">\n\t\t\t\t\t\t\t\t\t\t\t\t\t\t\t<img fetchpriority=\"high\" decoding=\"async\" width=\"768\" height=\"576\" src=\"https:\/\/andreasbadenracing.de\/wp-content\/uploads\/2023\/10\/20231011_121626-768x576.jpg\" class=\"attachment-medium_large size-medium_large wp-image-1979\" alt=\"\" srcset=\"https:\/\/andreasbadenracing.de\/wp-content\/uploads\/2023\/10\/20231011_121626-768x576.jpg 768w, https:\/\/andreasbadenracing.de\/wp-content\/uploads\/2023\/10\/20231011_121626-300x225.jpg 300w, https:\/\/andreasbadenracing.de\/wp-content\/uploads\/2023\/10\/20231011_121626-1024x768.jpg 1024w, https:\/\/andreasbadenracing.de\/wp-content\/uploads\/2023\/10\/20231011_121626-1536x1152.jpg 1536w, https:\/\/andreasbadenracing.de\/wp-content\/uploads\/2023\/10\/20231011_121626-2048x1536.jpg 2048w\" sizes=\"(max-width: 768px) 100vw, 768px\" \/>\t\t\t\t\t\t\t\t\t\t\t\t\t\t\t<\/div>\n\t\t\t\t<\/div>\n\t\t\t\t\t<\/div>\n\t\t<\/div>\n\t\t\t\t\t<\/div>\n\t\t<\/section>\n\t\t\t\t<section class=\"elementor-section elementor-top-section elementor-element elementor-element-b4baa4b elementor-section-boxed elementor-section-height-default elementor-section-height-default\" data-id=\"b4baa4b\" data-element_type=\"section\" data-e-type=\"section\">\n\t\t\t\t\t\t<div class=\"elementor-container elementor-column-gap-default\">\n\t\t\t\t\t<div class=\"elementor-column elementor-col-100 elementor-top-column elementor-element elementor-element-df1ac00\" data-id=\"df1ac00\" data-element_type=\"column\" data-e-type=\"column\">\n\t\t\t<div class=\"elementor-widget-wrap elementor-element-populated\">\n\t\t\t\t\t\t<div class=\"elementor-element elementor-element-f7f2a33 elementor-widget elementor-widget-text-editor\" data-id=\"f7f2a33\" data-element_type=\"widget\" data-e-type=\"widget\" data-widget_type=\"text-editor.default\">\n\t\t\t\t<div class=\"elementor-widget-container\">\n\t\t\t\t\t\t\t\t\t<p><span style=\"color: #4e4e4f;\">Les chemins se font en les parcourant. Nous allons associer notre engagement pour la transition \u00e9nerg\u00e9tique et climatique et notre passion pour l&rsquo;oc\u00e9an dans le cadre d&rsquo;une campagne de course au large. Nous montrons l&rsquo;exemple pour d\u00e9montrer la performance des mat\u00e9riaux durables et de l&rsquo;\u00e9nergie renouvelable. Dans ce contexte, nous attachons une grande importance \u00e0 la structure globale de la campagne afin d&rsquo;atteindre une durabilit\u00e9 maximale dans tous les domaines.&nbsp;  Pour faire de notre vision une mission, il faut non seulement beaucoup d&rsquo;enthousiasme, d&rsquo;engagement, de savoir-faire, de d\u00e9termination et d&rsquo;entra\u00eenement, mais aussi un soutien financier de la part de sponsors, de m\u00e9c\u00e8nes, d&rsquo;\u00e9quipementiers.<\/span><\/p>\n<p><\/p>\n<p><span style=\"color: #4e4e4f;\">Embarquez et rejoignez une \u00e9quipe avec une mission commune et vivez de pr\u00e8s la fascination de la navigation hauturi\u00e8re !<\/span><\/p>\t\t\t\t\t\t\t\t<\/div>\n\t\t\t\t<\/div>\n\t\t\t\t\t<\/div>\n\t\t<\/div>\n\t\t\t\t\t<\/div>\n\t\t<\/section>\n\t\t\t\t<section class=\"elementor-section elementor-top-section elementor-element elementor-element-db15bfa elementor-section-boxed elementor-section-height-default elementor-section-height-default\" data-id=\"db15bfa\" data-element_type=\"section\" data-e-type=\"section\">\n\t\t\t\t\t\t<div class=\"elementor-container elementor-column-gap-default\">\n\t\t\t\t\t<div class=\"elementor-column elementor-col-50 elementor-top-column elementor-element elementor-element-acf75ce\" data-id=\"acf75ce\" data-element_type=\"column\" data-e-type=\"column\">\n\t\t\t<div class=\"elementor-widget-wrap elementor-element-populated\">\n\t\t\t\t\t\t<div class=\"elementor-element elementor-element-82430de elementor-align-center elementor-widget elementor-widget-button\" data-id=\"82430de\" data-element_type=\"widget\" data-e-type=\"widget\" data-widget_type=\"button.default\">\n\t\t\t\t<div class=\"elementor-widget-container\">\n\t\t\t\t\t\t\t\t\t<div class=\"elementor-button-wrapper\">\n\t\t\t\t\t<a class=\"elementor-button elementor-button-link elementor-size-lg\" href=\"mailto:%20ab@andreasbadenracing.de\">\n\t\t\t\t\t\t<span class=\"elementor-button-content-wrapper\">\n\t\t\t\t\t\t\t\t\t<span class=\"elementor-button-text\">Cr\u00e9er un contact!<\/span>\n\t\t\t\t\t<\/span>\n\t\t\t\t\t<\/a>\n\t\t\t\t<\/div>\n\t\t\t\t\t\t\t\t<\/div>\n\t\t\t\t<\/div>\n\t\t\t\t\t<\/div>\n\t\t<\/div>\n\t\t\t\t<div class=\"elementor-column elementor-col-50 elementor-top-column elementor-element elementor-element-f5fad47\" data-id=\"f5fad47\" data-element_type=\"column\" data-e-type=\"column\">\n\t\t\t<div class=\"elementor-widget-wrap elementor-element-populated\">\n\t\t\t\t\t\t<div class=\"elementor-element elementor-element-b40cba7 elementor-align-center elementor-widget elementor-widget-button\" data-id=\"b40cba7\" data-element_type=\"widget\" data-e-type=\"widget\" data-widget_type=\"button.default\">\n\t\t\t\t<div class=\"elementor-widget-container\">\n\t\t\t\t\t\t\t\t\t<div class=\"elementor-button-wrapper\">\n\t\t\t\t\t<a class=\"elementor-button elementor-button-link elementor-size-lg\" href=\"mailto:%20ab@andreasbadenracing.de\" target=\"_blank\">\n\t\t\t\t\t\t<span class=\"elementor-button-content-wrapper\">\n\t\t\t\t\t\t\t\t\t<span class=\"elementor-button-text\">dossier de parrainage<\/span>\n\t\t\t\t\t<\/span>\n\t\t\t\t\t<\/a>\n\t\t\t\t<\/div>\n\t\t\t\t\t\t\t\t<\/div>\n\t\t\t\t<\/div>\n\t\t\t\t\t<\/div>\n\t\t<\/div>\n\t\t\t\t\t<\/div>\n\t\t<\/section>\n\t\t\t\t<section class=\"elementor-section elementor-top-section elementor-element elementor-element-f6ec2f7 elementor-section-boxed elementor-section-height-default elementor-section-height-default\" data-id=\"f6ec2f7\" data-element_type=\"section\" data-e-type=\"section\">\n\t\t\t\t\t\t<div class=\"elementor-container elementor-column-gap-default\">\n\t\t\t\t\t<div class=\"elementor-column elementor-col-100 elementor-top-column elementor-element elementor-element-fdfdafd\" data-id=\"fdfdafd\" data-element_type=\"column\" data-e-type=\"column\">\n\t\t\t<div class=\"elementor-widget-wrap elementor-element-populated\">\n\t\t\t\t\t\t<div class=\"elementor-element elementor-element-84dc9b1 elementor-widget elementor-widget-spacer\" data-id=\"84dc9b1\" data-element_type=\"widget\" data-e-type=\"widget\" data-widget_type=\"spacer.default\">\n\t\t\t\t<div class=\"elementor-widget-container\">\n\t\t\t\t\t\t\t<div class=\"elementor-spacer\">\n\t\t\t<div class=\"elementor-spacer-inner\"><\/div>\n\t\t<\/div>\n\t\t\t\t\t\t<\/div>\n\t\t\t\t<\/div>\n\t\t\t\t\t<\/div>\n\t\t<\/div>\n\t\t\t\t\t<\/div>\n\t\t<\/section>\n\t\t\t\t<\/div>\n\t\t","protected":false},"excerpt":{"rendered":"<p>Les chemins se font en les parcourant. Nous allons associer notre engagement pour la transition \u00e9nerg\u00e9tique et climatique et notre passion pour l&rsquo;oc\u00e9an dans le cadre d&rsquo;une campagne de course au large. Nous montrons l&rsquo;exemple pour d\u00e9montrer la performance des mat\u00e9riaux durables et de l&rsquo;\u00e9nergie renouvelable. Dans ce contexte, nous attachons une grande importance \u00e0 [&hellip;]<\/p>\n","protected":false},"author":1,"featured_media":0,"parent":0,"menu_order":0,"comment_status":"closed","ping_status":"closed","template":"","meta":{"saved_in_kubio":false,"content-type":"","footnotes":""},"class_list":["post-1265","page","type-page","status-publish","hentry"],"yoast_head":"<!-- This site is optimized with the Yoast SEO plugin v27.4 - https:\/\/yoast.com\/product\/yoast-seo-wordpress\/ -->\n<title>partenaire - Andreas Baden Racing<\/title>\n<meta name=\"robots\" content=\"index, follow, max-snippet:-1, max-image-preview:large, max-video-preview:-1\" \/>\n<link rel=\"canonical\" href=\"https:\/\/andreasbadenracing.de\/fr\/partenaire\/\" \/>\n<meta property=\"og:locale\" content=\"fr_FR\" \/>\n<meta property=\"og:type\" content=\"article\" \/>\n<meta property=\"og:title\" content=\"partenaire - Andreas Baden Racing\" \/>\n<meta property=\"og:description\" content=\"Les chemins se font en les parcourant. Nous allons associer notre engagement pour la transition \u00e9nerg\u00e9tique et climatique et notre passion pour l&rsquo;oc\u00e9an dans le cadre d&rsquo;une campagne de course au large. Nous montrons l&rsquo;exemple pour d\u00e9montrer la performance des mat\u00e9riaux durables et de l&rsquo;\u00e9nergie renouvelable. Dans ce contexte, nous attachons une grande importance \u00e0 [&hellip;]\" \/>\n<meta property=\"og:url\" content=\"https:\/\/andreasbadenracing.de\/fr\/partenaire\/\" \/>\n<meta property=\"og:site_name\" content=\"Andreas Baden Racing\" \/>\n<meta property=\"article:modified_time\" content=\"2023-10-12T15:34:10+00:00\" \/>\n<meta property=\"og:image\" content=\"https:\/\/andreasbadenracing.de\/wp-content\/uploads\/2023\/10\/20231011_121626-768x576.jpg\" \/>\n<meta name=\"twitter:card\" content=\"summary_large_image\" \/>\n<meta name=\"twitter:label1\" content=\"Dur\u00e9e de lecture estim\u00e9e\" \/>\n\t<meta name=\"twitter:data1\" content=\"2 minutes\" \/>\n<script type=\"application\/ld+json\" class=\"yoast-schema-graph\">{\"@context\":\"https:\\\/\\\/schema.org\",\"@graph\":[{\"@type\":\"WebPage\",\"@id\":\"https:\\\/\\\/andreasbadenracing.de\\\/fr\\\/partenaire\\\/\",\"url\":\"https:\\\/\\\/andreasbadenracing.de\\\/fr\\\/partenaire\\\/\",\"name\":\"partenaire - Andreas Baden Racing\",\"isPartOf\":{\"@id\":\"https:\\\/\\\/andreasbadenracing.de\\\/fr\\\/#website\"},\"primaryImageOfPage\":{\"@id\":\"https:\\\/\\\/andreasbadenracing.de\\\/fr\\\/partenaire\\\/#primaryimage\"},\"image\":{\"@id\":\"https:\\\/\\\/andreasbadenracing.de\\\/fr\\\/partenaire\\\/#primaryimage\"},\"thumbnailUrl\":\"https:\\\/\\\/andreasbadenracing.de\\\/wp-content\\\/uploads\\\/2023\\\/10\\\/20231011_121626-768x576.jpg\",\"datePublished\":\"2020-03-18T16:40:50+00:00\",\"dateModified\":\"2023-10-12T15:34:10+00:00\",\"breadcrumb\":{\"@id\":\"https:\\\/\\\/andreasbadenracing.de\\\/fr\\\/partenaire\\\/#breadcrumb\"},\"inLanguage\":\"fr-FR\",\"potentialAction\":[{\"@type\":\"ReadAction\",\"target\":[\"https:\\\/\\\/andreasbadenracing.de\\\/fr\\\/partenaire\\\/\"]}]},{\"@type\":\"ImageObject\",\"inLanguage\":\"fr-FR\",\"@id\":\"https:\\\/\\\/andreasbadenracing.de\\\/fr\\\/partenaire\\\/#primaryimage\",\"url\":\"https:\\\/\\\/andreasbadenracing.de\\\/wp-content\\\/uploads\\\/2023\\\/10\\\/20231011_121626-768x576.jpg\",\"contentUrl\":\"https:\\\/\\\/andreasbadenracing.de\\\/wp-content\\\/uploads\\\/2023\\\/10\\\/20231011_121626-768x576.jpg\"},{\"@type\":\"BreadcrumbList\",\"@id\":\"https:\\\/\\\/andreasbadenracing.de\\\/fr\\\/partenaire\\\/#breadcrumb\",\"itemListElement\":[{\"@type\":\"ListItem\",\"position\":1,\"name\":\"Startseite\",\"item\":\"https:\\\/\\\/andreasbadenracing.de\\\/fr\\\/\"},{\"@type\":\"ListItem\",\"position\":2,\"name\":\"partenaire\"}]},{\"@type\":\"WebSite\",\"@id\":\"https:\\\/\\\/andreasbadenracing.de\\\/fr\\\/#website\",\"url\":\"https:\\\/\\\/andreasbadenracing.de\\\/fr\\\/\",\"name\":\"Andreas Baden Racing\",\"description\":\"Sustainable Offshore Racing\",\"publisher\":{\"@id\":\"https:\\\/\\\/andreasbadenracing.de\\\/fr\\\/#organization\"},\"potentialAction\":[{\"@type\":\"SearchAction\",\"target\":{\"@type\":\"EntryPoint\",\"urlTemplate\":\"https:\\\/\\\/andreasbadenracing.de\\\/fr\\\/?s={search_term_string}\"},\"query-input\":{\"@type\":\"PropertyValueSpecification\",\"valueRequired\":true,\"valueName\":\"search_term_string\"}}],\"inLanguage\":\"fr-FR\"},{\"@type\":\"Organization\",\"@id\":\"https:\\\/\\\/andreasbadenracing.de\\\/fr\\\/#organization\",\"name\":\"Andreas Baden Racing\",\"url\":\"https:\\\/\\\/andreasbadenracing.de\\\/fr\\\/\",\"logo\":{\"@type\":\"ImageObject\",\"inLanguage\":\"fr-FR\",\"@id\":\"https:\\\/\\\/andreasbadenracing.de\\\/fr\\\/#\\\/schema\\\/logo\\\/image\\\/\",\"url\":\"https:\\\/\\\/andreasbadenracing.de\\\/wp-content\\\/uploads\\\/2025\\\/05\\\/4.png\",\"contentUrl\":\"https:\\\/\\\/andreasbadenracing.de\\\/wp-content\\\/uploads\\\/2025\\\/05\\\/4.png\",\"width\":1563,\"height\":1563,\"caption\":\"Andreas Baden Racing\"},\"image\":{\"@id\":\"https:\\\/\\\/andreasbadenracing.de\\\/fr\\\/#\\\/schema\\\/logo\\\/image\\\/\"},\"sameAs\":[\"https:\\\/\\\/www.instagram.com\\\/andreasbadennavigateur\\\/\"]}]}<\/script>\n<!-- \/ Yoast SEO plugin. -->","yoast_head_json":{"title":"partenaire - Andreas Baden Racing","robots":{"index":"index","follow":"follow","max-snippet":"max-snippet:-1","max-image-preview":"max-image-preview:large","max-video-preview":"max-video-preview:-1"},"canonical":"https:\/\/andreasbadenracing.de\/fr\/partenaire\/","og_locale":"fr_FR","og_type":"article","og_title":"partenaire - Andreas Baden Racing","og_description":"Les chemins se font en les parcourant. Nous allons associer notre engagement pour la transition \u00e9nerg\u00e9tique et climatique et notre passion pour l&rsquo;oc\u00e9an dans le cadre d&rsquo;une campagne de course au large. Nous montrons l&rsquo;exemple pour d\u00e9montrer la performance des mat\u00e9riaux durables et de l&rsquo;\u00e9nergie renouvelable. Dans ce contexte, nous attachons une grande importance \u00e0 [&hellip;]","og_url":"https:\/\/andreasbadenracing.de\/fr\/partenaire\/","og_site_name":"Andreas Baden Racing","article_modified_time":"2023-10-12T15:34:10+00:00","og_image":[{"url":"https:\/\/andreasbadenracing.de\/wp-content\/uploads\/2023\/10\/20231011_121626-768x576.jpg","type":"","width":"","height":""}],"twitter_card":"summary_large_image","twitter_misc":{"Dur\u00e9e de lecture estim\u00e9e":"2 minutes"},"schema":{"@context":"https:\/\/schema.org","@graph":[{"@type":"WebPage","@id":"https:\/\/andreasbadenracing.de\/fr\/partenaire\/","url":"https:\/\/andreasbadenracing.de\/fr\/partenaire\/","name":"partenaire - Andreas Baden Racing","isPartOf":{"@id":"https:\/\/andreasbadenracing.de\/fr\/#website"},"primaryImageOfPage":{"@id":"https:\/\/andreasbadenracing.de\/fr\/partenaire\/#primaryimage"},"image":{"@id":"https:\/\/andreasbadenracing.de\/fr\/partenaire\/#primaryimage"},"thumbnailUrl":"https:\/\/andreasbadenracing.de\/wp-content\/uploads\/2023\/10\/20231011_121626-768x576.jpg","datePublished":"2020-03-18T16:40:50+00:00","dateModified":"2023-10-12T15:34:10+00:00","breadcrumb":{"@id":"https:\/\/andreasbadenracing.de\/fr\/partenaire\/#breadcrumb"},"inLanguage":"fr-FR","potentialAction":[{"@type":"ReadAction","target":["https:\/\/andreasbadenracing.de\/fr\/partenaire\/"]}]},{"@type":"ImageObject","inLanguage":"fr-FR","@id":"https:\/\/andreasbadenracing.de\/fr\/partenaire\/#primaryimage","url":"https:\/\/andreasbadenracing.de\/wp-content\/uploads\/2023\/10\/20231011_121626-768x576.jpg","contentUrl":"https:\/\/andreasbadenracing.de\/wp-content\/uploads\/2023\/10\/20231011_121626-768x576.jpg"},{"@type":"BreadcrumbList","@id":"https:\/\/andreasbadenracing.de\/fr\/partenaire\/#breadcrumb","itemListElement":[{"@type":"ListItem","position":1,"name":"Startseite","item":"https:\/\/andreasbadenracing.de\/fr\/"},{"@type":"ListItem","position":2,"name":"partenaire"}]},{"@type":"WebSite","@id":"https:\/\/andreasbadenracing.de\/fr\/#website","url":"https:\/\/andreasbadenracing.de\/fr\/","name":"Andreas Baden Racing","description":"Sustainable Offshore Racing","publisher":{"@id":"https:\/\/andreasbadenracing.de\/fr\/#organization"},"potentialAction":[{"@type":"SearchAction","target":{"@type":"EntryPoint","urlTemplate":"https:\/\/andreasbadenracing.de\/fr\/?s={search_term_string}"},"query-input":{"@type":"PropertyValueSpecification","valueRequired":true,"valueName":"search_term_string"}}],"inLanguage":"fr-FR"},{"@type":"Organization","@id":"https:\/\/andreasbadenracing.de\/fr\/#organization","name":"Andreas Baden Racing","url":"https:\/\/andreasbadenracing.de\/fr\/","logo":{"@type":"ImageObject","inLanguage":"fr-FR","@id":"https:\/\/andreasbadenracing.de\/fr\/#\/schema\/logo\/image\/","url":"https:\/\/andreasbadenracing.de\/wp-content\/uploads\/2025\/05\/4.png","contentUrl":"https:\/\/andreasbadenracing.de\/wp-content\/uploads\/2025\/05\/4.png","width":1563,"height":1563,"caption":"Andreas Baden Racing"},"image":{"@id":"https:\/\/andreasbadenracing.de\/fr\/#\/schema\/logo\/image\/"},"sameAs":["https:\/\/www.instagram.com\/andreasbadennavigateur\/"]}]}},"kubio_ai_page_context":{"short_desc":"","purpose":"general"},"_links":{"self":[{"href":"https:\/\/andreasbadenracing.de\/fr\/wp-json\/wp\/v2\/pages\/1265","targetHints":{"allow":["GET"]}}],"collection":[{"href":"https:\/\/andreasbadenracing.de\/fr\/wp-json\/wp\/v2\/pages"}],"about":[{"href":"https:\/\/andreasbadenracing.de\/fr\/wp-json\/wp\/v2\/types\/page"}],"author":[{"embeddable":true,"href":"https:\/\/andreasbadenracing.de\/fr\/wp-json\/wp\/v2\/users\/1"}],"replies":[{"embeddable":true,"href":"https:\/\/andreasbadenracing.de\/fr\/wp-json\/wp\/v2\/comments?post=1265"}],"version-history":[{"count":14,"href":"https:\/\/andreasbadenracing.de\/fr\/wp-json\/wp\/v2\/pages\/1265\/revisions"}],"predecessor-version":[{"id":2113,"href":"https:\/\/andreasbadenracing.de\/fr\/wp-json\/wp\/v2\/pages\/1265\/revisions\/2113"}],"wp:attachment":[{"href":"https:\/\/andreasbadenracing.de\/fr\/wp-json\/wp\/v2\/media?parent=1265"}],"curies":[{"name":"wp","href":"https:\/\/api.w.org\/{rel}","templated":true}]}}