{"id":1289,"date":"2021-11-23T09:54:38","date_gmt":"2021-11-23T09:54:38","guid":{"rendered":"https:\/\/andreasbadenracing.de\/la-vision"},"modified":"2022-03-28T16:02:07","modified_gmt":"2022-03-28T16:02:07","slug":"la-vision","status":"publish","type":"page","link":"https:\/\/andreasbadenracing.de\/fr\/la-vision\/","title":{"rendered":"La vision"},"content":{"rendered":"\t\t<div data-elementor-type=\"wp-page\" data-elementor-id=\"1289\" class=\"elementor elementor-1289 elementor-873\" data-elementor-post-type=\"page\">\n\t\t\t\t\t\t<section class=\"elementor-section elementor-top-section elementor-element elementor-element-b46a2ed elementor-section-boxed elementor-section-height-default elementor-section-height-default\" data-id=\"b46a2ed\" data-element_type=\"section\" data-e-type=\"section\">\n\t\t\t\t\t\t<div class=\"elementor-container elementor-column-gap-default\">\n\t\t\t\t\t<div class=\"elementor-column elementor-col-100 elementor-top-column elementor-element elementor-element-facf03d\" data-id=\"facf03d\" data-element_type=\"column\" data-e-type=\"column\">\n\t\t\t<div class=\"elementor-widget-wrap elementor-element-populated\">\n\t\t\t\t\t\t<div class=\"elementor-element elementor-element-971e2c7 elementor-widget elementor-widget-text-editor\" data-id=\"971e2c7\" data-element_type=\"widget\" data-e-type=\"widget\" data-widget_type=\"text-editor.default\">\n\t\t\t\t<div class=\"elementor-widget-container\">\n\t\t\t\t\t\t\t\t\t<p class=\"MsoNormal\">L&rsquo;\u00e9tude des sciences de l&rsquo;environnement et de l&rsquo;agriculture m&rsquo;a permis de mieux comprendre les cycles et les relations de la nature. L&rsquo;examen d\u00e9taill\u00e9 montre clairement que le tableau d&rsquo;ensemble se compose de nombreux petits \u00e9l\u00e9ments fragiles. Leur imbrication donne la structure. M\u00eame un \u00e9l\u00e9ment manquant conduit rapidement \u00e0 un d\u00e9s\u00e9quilibre. La prise en compte de l&rsquo;\u00e9quilibre naturel montre qu&rsquo;il n&rsquo;y a pas de d\u00e9chet dans la nature. Tout est d\u00e9compos\u00e9 en ses blocs de construction individuels et r\u00e9utilis\u00e9 sous une forme diff\u00e9rente. La nature a d\u00e9velopp\u00e9 un syst\u00e8me circulatoire tr\u00e8s efficace. Les humains ont jusqu&rsquo;\u00e0 pr\u00e9sent \u00e9t\u00e9 moins efficaces et modifient ainsi l&rsquo;\u00e9cosyst\u00e8me et les cycles naturels.<\/p><p class=\"MsoNormal\">Dans de nombreux domaines, la science se penche sur la nature pour d\u00e9couvrir comment des solutions intelligentes peuvent \u00eatre d\u00e9velopp\u00e9es pour les probl\u00e8mes les plus complexes. L&rsquo;homme a cr\u00e9\u00e9 des probl\u00e8mes avec son comportement. La nature et surtout nos mers souffrent des d\u00e9chets humains, du flot de plastique. Et l&rsquo;\u00e9quilibre de la nature a \u00e9galement \u00e9t\u00e9 d\u00e9s\u00e9quilibr\u00e9 dans d&rsquo;autres domaines en raison des \u00e9missions humaines. L&rsquo;augmentation constante de la temp\u00e9rature dans l&rsquo;atmosph\u00e8re impose d\u00e9j\u00e0 \u00e0 la g\u00e9n\u00e9ration actuelle de devoir faire face de plus en plus \u00e0 des catastrophes naturelles et \u00e0 des conditions m\u00e9t\u00e9orologiques extr\u00eames. Il est temps d&#8217;embrasser le changement, d&rsquo;arr\u00eater de perturber l&rsquo;\u00e9quilibre de la terre.<\/p><p class=\"MsoNormal\">Le Andreas Baden Racing Project veut sensibiliser et initier le changement. Nous voulons montrer l&rsquo;exemple et renforcer l&rsquo;action durable. Les interdictions et les r\u00e9glementations ne changeront pas le comportement des gens. Cr\u00e9er des solutions intelligentes et proposer des approches qui r\u00e9tablissent les cycles naturels et permettent une consommation durable sont les voies qui doivent \u00eatre consciemment prises.<\/p><p class=\"MsoNormal\">Nous voulons repenser les processus et d\u00e9velopper de nouveaux produits. Loin d&rsquo;une mentalit\u00e9 de jetable vers une pens\u00e9e circulaire &#8211; qui apporte une valeur ajout\u00e9e pour tout le monde.<\/p><p> <\/p><p class=\"MsoNormal\">Le temps d&rsquo;agir est arriv\u00e9. Ce projet veut aider \u00e0 r\u00e9aliser des r\u00eaves. Nous travaillons intens\u00e9ment pour minimiser notre empreinte \u00e9cologique et travailler aussi neutre en CO2 que possible.<\/p>\t\t\t\t\t\t\t\t<\/div>\n\t\t\t\t<\/div>\n\t\t\t\t\t<\/div>\n\t\t<\/div>\n\t\t\t\t\t<\/div>\n\t\t<\/section>\n\t\t\t\t<section class=\"elementor-section elementor-top-section elementor-element elementor-element-692d454 elementor-section-boxed elementor-section-height-default elementor-section-height-default\" data-id=\"692d454\" data-element_type=\"section\" data-e-type=\"section\">\n\t\t\t\t\t\t<div class=\"elementor-container elementor-column-gap-default\">\n\t\t\t\t\t<div class=\"elementor-column elementor-col-25 elementor-top-column elementor-element elementor-element-b42a804\" data-id=\"b42a804\" data-element_type=\"column\" data-e-type=\"column\">\n\t\t\t<div class=\"elementor-widget-wrap\">\n\t\t\t\t\t\t\t<\/div>\n\t\t<\/div>\n\t\t\t\t<div class=\"elementor-column elementor-col-25 elementor-top-column elementor-element elementor-element-b0a88ed\" data-id=\"b0a88ed\" data-element_type=\"column\" data-e-type=\"column\">\n\t\t\t<div class=\"elementor-widget-wrap\">\n\t\t\t\t\t\t\t<\/div>\n\t\t<\/div>\n\t\t\t\t<div class=\"elementor-column elementor-col-25 elementor-top-column elementor-element elementor-element-963c972\" data-id=\"963c972\" data-element_type=\"column\" data-e-type=\"column\">\n\t\t\t<div class=\"elementor-widget-wrap\">\n\t\t\t\t\t\t\t<\/div>\n\t\t<\/div>\n\t\t\t\t<div class=\"elementor-column elementor-col-25 elementor-top-column elementor-element elementor-element-7d1902b\" data-id=\"7d1902b\" data-element_type=\"column\" data-e-type=\"column\">\n\t\t\t<div class=\"elementor-widget-wrap\">\n\t\t\t\t\t\t\t<\/div>\n\t\t<\/div>\n\t\t\t\t\t<\/div>\n\t\t<\/section>\n\t\t\t\t<\/div>\n\t\t","protected":false},"excerpt":{"rendered":"<p>L&rsquo;\u00e9tude des sciences de l&rsquo;environnement et de l&rsquo;agriculture m&rsquo;a permis de mieux comprendre les cycles et les relations de la nature. L&rsquo;examen d\u00e9taill\u00e9 montre clairement que le tableau d&rsquo;ensemble se compose de nombreux petits \u00e9l\u00e9ments fragiles. Leur imbrication donne la structure. M\u00eame un \u00e9l\u00e9ment manquant conduit rapidement \u00e0 un d\u00e9s\u00e9quilibre. La prise en compte de [&hellip;]<\/p>\n","protected":false},"author":1,"featured_media":0,"parent":0,"menu_order":0,"comment_status":"closed","ping_status":"closed","template":"page-templates\/full-width-page.php","meta":{"saved_in_kubio":false,"content-type":"","footnotes":""},"class_list":["post-1289","page","type-page","status-publish","hentry"],"yoast_head":"<!-- This site is optimized with the Yoast SEO plugin v27.3 - https:\/\/yoast.com\/product\/yoast-seo-wordpress\/ -->\n<title>La vision - Andreas Baden Racing<\/title>\n<meta name=\"robots\" content=\"index, follow, max-snippet:-1, max-image-preview:large, max-video-preview:-1\" \/>\n<link rel=\"canonical\" href=\"https:\/\/andreasbadenracing.de\/fr\/la-vision\/\" \/>\n<meta property=\"og:locale\" content=\"fr_FR\" \/>\n<meta property=\"og:type\" content=\"article\" \/>\n<meta property=\"og:title\" content=\"La vision - Andreas Baden Racing\" \/>\n<meta property=\"og:description\" content=\"L&rsquo;\u00e9tude des sciences de l&rsquo;environnement et de l&rsquo;agriculture m&rsquo;a permis de mieux comprendre les cycles et les relations de la nature. L&rsquo;examen d\u00e9taill\u00e9 montre clairement que le tableau d&rsquo;ensemble se compose de nombreux petits \u00e9l\u00e9ments fragiles. Leur imbrication donne la structure. M\u00eame un \u00e9l\u00e9ment manquant conduit rapidement \u00e0 un d\u00e9s\u00e9quilibre. La prise en compte de [&hellip;]\" \/>\n<meta property=\"og:url\" content=\"https:\/\/andreasbadenracing.de\/fr\/la-vision\/\" \/>\n<meta property=\"og:site_name\" content=\"Andreas Baden Racing\" \/>\n<meta property=\"article:modified_time\" content=\"2022-03-28T16:02:07+00:00\" \/>\n<meta name=\"twitter:card\" content=\"summary_large_image\" \/>\n<meta name=\"twitter:label1\" content=\"Dur\u00e9e de lecture estim\u00e9e\" \/>\n\t<meta name=\"twitter:data1\" content=\"2 minutes\" \/>\n<script type=\"application\/ld+json\" class=\"yoast-schema-graph\">{\"@context\":\"https:\\\/\\\/schema.org\",\"@graph\":[{\"@type\":\"WebPage\",\"@id\":\"https:\\\/\\\/andreasbadenracing.de\\\/fr\\\/la-vision\\\/\",\"url\":\"https:\\\/\\\/andreasbadenracing.de\\\/fr\\\/la-vision\\\/\",\"name\":\"La vision - Andreas Baden Racing\",\"isPartOf\":{\"@id\":\"https:\\\/\\\/andreasbadenracing.de\\\/fr\\\/#website\"},\"datePublished\":\"2021-11-23T09:54:38+00:00\",\"dateModified\":\"2022-03-28T16:02:07+00:00\",\"breadcrumb\":{\"@id\":\"https:\\\/\\\/andreasbadenracing.de\\\/fr\\\/la-vision\\\/#breadcrumb\"},\"inLanguage\":\"fr-FR\",\"potentialAction\":[{\"@type\":\"ReadAction\",\"target\":[\"https:\\\/\\\/andreasbadenracing.de\\\/fr\\\/la-vision\\\/\"]}]},{\"@type\":\"BreadcrumbList\",\"@id\":\"https:\\\/\\\/andreasbadenracing.de\\\/fr\\\/la-vision\\\/#breadcrumb\",\"itemListElement\":[{\"@type\":\"ListItem\",\"position\":1,\"name\":\"Startseite\",\"item\":\"https:\\\/\\\/andreasbadenracing.de\\\/fr\\\/\"},{\"@type\":\"ListItem\",\"position\":2,\"name\":\"La vision\"}]},{\"@type\":\"WebSite\",\"@id\":\"https:\\\/\\\/andreasbadenracing.de\\\/fr\\\/#website\",\"url\":\"https:\\\/\\\/andreasbadenracing.de\\\/fr\\\/\",\"name\":\"Andreas Baden Racing\",\"description\":\"Sustainable Offshore Racing\",\"publisher\":{\"@id\":\"https:\\\/\\\/andreasbadenracing.de\\\/fr\\\/#organization\"},\"potentialAction\":[{\"@type\":\"SearchAction\",\"target\":{\"@type\":\"EntryPoint\",\"urlTemplate\":\"https:\\\/\\\/andreasbadenracing.de\\\/fr\\\/?s={search_term_string}\"},\"query-input\":{\"@type\":\"PropertyValueSpecification\",\"valueRequired\":true,\"valueName\":\"search_term_string\"}}],\"inLanguage\":\"fr-FR\"},{\"@type\":\"Organization\",\"@id\":\"https:\\\/\\\/andreasbadenracing.de\\\/fr\\\/#organization\",\"name\":\"Andreas Baden Racing\",\"url\":\"https:\\\/\\\/andreasbadenracing.de\\\/fr\\\/\",\"logo\":{\"@type\":\"ImageObject\",\"inLanguage\":\"fr-FR\",\"@id\":\"https:\\\/\\\/andreasbadenracing.de\\\/fr\\\/#\\\/schema\\\/logo\\\/image\\\/\",\"url\":\"https:\\\/\\\/andreasbadenracing.de\\\/wp-content\\\/uploads\\\/2025\\\/05\\\/4.png\",\"contentUrl\":\"https:\\\/\\\/andreasbadenracing.de\\\/wp-content\\\/uploads\\\/2025\\\/05\\\/4.png\",\"width\":1563,\"height\":1563,\"caption\":\"Andreas Baden Racing\"},\"image\":{\"@id\":\"https:\\\/\\\/andreasbadenracing.de\\\/fr\\\/#\\\/schema\\\/logo\\\/image\\\/\"},\"sameAs\":[\"https:\\\/\\\/www.instagram.com\\\/andreasbadennavigateur\\\/\"]}]}<\/script>\n<!-- \/ Yoast SEO plugin. -->","yoast_head_json":{"title":"La vision - Andreas Baden Racing","robots":{"index":"index","follow":"follow","max-snippet":"max-snippet:-1","max-image-preview":"max-image-preview:large","max-video-preview":"max-video-preview:-1"},"canonical":"https:\/\/andreasbadenracing.de\/fr\/la-vision\/","og_locale":"fr_FR","og_type":"article","og_title":"La vision - Andreas Baden Racing","og_description":"L&rsquo;\u00e9tude des sciences de l&rsquo;environnement et de l&rsquo;agriculture m&rsquo;a permis de mieux comprendre les cycles et les relations de la nature. L&rsquo;examen d\u00e9taill\u00e9 montre clairement que le tableau d&rsquo;ensemble se compose de nombreux petits \u00e9l\u00e9ments fragiles. Leur imbrication donne la structure. M\u00eame un \u00e9l\u00e9ment manquant conduit rapidement \u00e0 un d\u00e9s\u00e9quilibre. La prise en compte de [&hellip;]","og_url":"https:\/\/andreasbadenracing.de\/fr\/la-vision\/","og_site_name":"Andreas Baden Racing","article_modified_time":"2022-03-28T16:02:07+00:00","twitter_card":"summary_large_image","twitter_misc":{"Dur\u00e9e de lecture estim\u00e9e":"2 minutes"},"schema":{"@context":"https:\/\/schema.org","@graph":[{"@type":"WebPage","@id":"https:\/\/andreasbadenracing.de\/fr\/la-vision\/","url":"https:\/\/andreasbadenracing.de\/fr\/la-vision\/","name":"La vision - Andreas Baden Racing","isPartOf":{"@id":"https:\/\/andreasbadenracing.de\/fr\/#website"},"datePublished":"2021-11-23T09:54:38+00:00","dateModified":"2022-03-28T16:02:07+00:00","breadcrumb":{"@id":"https:\/\/andreasbadenracing.de\/fr\/la-vision\/#breadcrumb"},"inLanguage":"fr-FR","potentialAction":[{"@type":"ReadAction","target":["https:\/\/andreasbadenracing.de\/fr\/la-vision\/"]}]},{"@type":"BreadcrumbList","@id":"https:\/\/andreasbadenracing.de\/fr\/la-vision\/#breadcrumb","itemListElement":[{"@type":"ListItem","position":1,"name":"Startseite","item":"https:\/\/andreasbadenracing.de\/fr\/"},{"@type":"ListItem","position":2,"name":"La vision"}]},{"@type":"WebSite","@id":"https:\/\/andreasbadenracing.de\/fr\/#website","url":"https:\/\/andreasbadenracing.de\/fr\/","name":"Andreas Baden Racing","description":"Sustainable Offshore Racing","publisher":{"@id":"https:\/\/andreasbadenracing.de\/fr\/#organization"},"potentialAction":[{"@type":"SearchAction","target":{"@type":"EntryPoint","urlTemplate":"https:\/\/andreasbadenracing.de\/fr\/?s={search_term_string}"},"query-input":{"@type":"PropertyValueSpecification","valueRequired":true,"valueName":"search_term_string"}}],"inLanguage":"fr-FR"},{"@type":"Organization","@id":"https:\/\/andreasbadenracing.de\/fr\/#organization","name":"Andreas Baden Racing","url":"https:\/\/andreasbadenracing.de\/fr\/","logo":{"@type":"ImageObject","inLanguage":"fr-FR","@id":"https:\/\/andreasbadenracing.de\/fr\/#\/schema\/logo\/image\/","url":"https:\/\/andreasbadenracing.de\/wp-content\/uploads\/2025\/05\/4.png","contentUrl":"https:\/\/andreasbadenracing.de\/wp-content\/uploads\/2025\/05\/4.png","width":1563,"height":1563,"caption":"Andreas Baden Racing"},"image":{"@id":"https:\/\/andreasbadenracing.de\/fr\/#\/schema\/logo\/image\/"},"sameAs":["https:\/\/www.instagram.com\/andreasbadennavigateur\/"]}]}},"kubio_ai_page_context":{"short_desc":"","purpose":"general"},"_links":{"self":[{"href":"https:\/\/andreasbadenracing.de\/fr\/wp-json\/wp\/v2\/pages\/1289","targetHints":{"allow":["GET"]}}],"collection":[{"href":"https:\/\/andreasbadenracing.de\/fr\/wp-json\/wp\/v2\/pages"}],"about":[{"href":"https:\/\/andreasbadenracing.de\/fr\/wp-json\/wp\/v2\/types\/page"}],"author":[{"embeddable":true,"href":"https:\/\/andreasbadenracing.de\/fr\/wp-json\/wp\/v2\/users\/1"}],"replies":[{"embeddable":true,"href":"https:\/\/andreasbadenracing.de\/fr\/wp-json\/wp\/v2\/comments?post=1289"}],"version-history":[{"count":7,"href":"https:\/\/andreasbadenracing.de\/fr\/wp-json\/wp\/v2\/pages\/1289\/revisions"}],"predecessor-version":[{"id":1554,"href":"https:\/\/andreasbadenracing.de\/fr\/wp-json\/wp\/v2\/pages\/1289\/revisions\/1554"}],"wp:attachment":[{"href":"https:\/\/andreasbadenracing.de\/fr\/wp-json\/wp\/v2\/media?parent=1289"}],"curies":[{"name":"wp","href":"https:\/\/api.w.org\/{rel}","templated":true}]}}