{"id":1816,"date":"2023-07-25T06:00:00","date_gmt":"2023-07-25T06:00:00","guid":{"rendered":"https:\/\/andreasbadenracing.de\/presse"},"modified":"2023-08-06T19:45:30","modified_gmt":"2023-08-06T19:45:30","slug":"presse","status":"publish","type":"page","link":"https:\/\/andreasbadenracing.de\/fr\/presse\/","title":{"rendered":"Presse"},"content":{"rendered":"\t\t<div data-elementor-type=\"wp-page\" data-elementor-id=\"1816\" class=\"elementor elementor-1816 elementor-1795\" data-elementor-post-type=\"page\">\n\t\t\t\t\t\t<section class=\"elementor-section elementor-top-section elementor-element elementor-element-37ba60d elementor-section-boxed elementor-section-height-default elementor-section-height-default\" data-id=\"37ba60d\" data-element_type=\"section\" data-e-type=\"section\">\n\t\t\t\t\t\t<div class=\"elementor-container elementor-column-gap-default\">\n\t\t\t\t\t<div class=\"elementor-column elementor-col-100 elementor-top-column elementor-element elementor-element-d82d85b\" data-id=\"d82d85b\" data-element_type=\"column\" data-e-type=\"column\">\n\t\t\t<div class=\"elementor-widget-wrap elementor-element-populated\">\n\t\t\t\t\t\t<section class=\"elementor-section elementor-inner-section elementor-element elementor-element-c769570 elementor-section-boxed elementor-section-height-default elementor-section-height-default\" data-id=\"c769570\" data-element_type=\"section\" data-e-type=\"section\">\n\t\t\t\t\t\t<div class=\"elementor-container elementor-column-gap-default\">\n\t\t\t\t\t<div class=\"elementor-column elementor-col-50 elementor-inner-column elementor-element elementor-element-831fd7b\" data-id=\"831fd7b\" data-element_type=\"column\" data-e-type=\"column\">\n\t\t\t<div class=\"elementor-widget-wrap\">\n\t\t\t\t\t\t\t<\/div>\n\t\t<\/div>\n\t\t\t\t<div class=\"elementor-column elementor-col-50 elementor-inner-column elementor-element elementor-element-e75b8f1\" data-id=\"e75b8f1\" data-element_type=\"column\" data-e-type=\"column\">\n\t\t\t<div class=\"elementor-widget-wrap\">\n\t\t\t\t\t\t\t<\/div>\n\t\t<\/div>\n\t\t\t\t\t<\/div>\n\t\t<\/section>\n\t\t\t\t\t<\/div>\n\t\t<\/div>\n\t\t\t\t\t<\/div>\n\t\t<\/section>\n\t\t\t\t<section class=\"elementor-section elementor-top-section elementor-element elementor-element-d79b343 elementor-section-boxed elementor-section-height-default elementor-section-height-default\" data-id=\"d79b343\" data-element_type=\"section\" data-e-type=\"section\">\n\t\t\t\t\t\t<div class=\"elementor-container elementor-column-gap-default\">\n\t\t\t\t\t<div class=\"elementor-column elementor-col-100 elementor-top-column elementor-element elementor-element-3e931ab\" data-id=\"3e931ab\" data-element_type=\"column\" data-e-type=\"column\">\n\t\t\t<div class=\"elementor-widget-wrap elementor-element-populated\">\n\t\t\t\t\t\t<div class=\"elementor-element elementor-element-c7ff32b elementor-widget elementor-widget-toggle\" data-id=\"c7ff32b\" data-element_type=\"widget\" data-e-type=\"widget\" data-widget_type=\"toggle.default\">\n\t\t\t\t<div class=\"elementor-widget-container\">\n\t\t\t\t\t\t\t<div class=\"elementor-toggle\">\n\t\t\t\t\t\t\t<div class=\"elementor-toggle-item\">\n\t\t\t\t\t<div id=\"elementor-tab-title-2091\" class=\"elementor-tab-title\" data-tab=\"1\" role=\"button\" aria-controls=\"elementor-tab-content-2091\" aria-expanded=\"false\">\n\t\t\t\t\t\t\t\t\t\t\t\t<span class=\"elementor-toggle-icon elementor-toggle-icon-left\" aria-hidden=\"true\">\n\t\t\t\t\t\t\t\t\t\t\t\t\t\t\t<span class=\"elementor-toggle-icon-closed\"><i class=\"fas fa-caret-right\"><\/i><\/span>\n\t\t\t\t\t\t\t\t<span class=\"elementor-toggle-icon-opened\"><i class=\"elementor-toggle-icon-opened fas fa-caret-up\"><\/i><\/span>\n\t\t\t\t\t\t\t\t\t\t\t\t\t<\/span>\n\t\t\t\t\t\t\t\t\t\t\t\t<a class=\"elementor-toggle-title\" tabindex=\"0\">Yacht-Online (01.08.2023)<\/a>\n\t\t\t\t\t<\/div>\n\n\t\t\t\t\t<div id=\"elementor-tab-content-2091\" class=\"elementor-tab-content elementor-clearfix\" data-tab=\"1\" role=\"region\" aria-labelledby=\"elementor-tab-title-2091\"><p class=\"dark:text-skin-primary-ultralight\" data-is-article-headline=\"true\"><a href=\"https:\/\/www.yacht.de\/regatta\/wettfahrten\/transat-jacques-vabre-fabrice-amedeo-setzt-auf-einen-kieler-co-skipper\/\" target=\"_blank\" rel=\"noopener\"><span class=\"block mb-0 md:mb-0 text-base md:text-xl font-light uppercase\">TRANSAT JACQUES VABRE : <\/span><span class=\"block mb-2 md:mb-4 font-serif text-3xl md:text-5xl font-medium leading-tight md:leading-tight\">Fabrice Amedeo mise sur un co-skipper de Kiel<\/span><\/a><\/p>\n<\/div>\n\t\t\t\t<\/div>\n\t\t\t\t\t\t\t<div class=\"elementor-toggle-item\">\n\t\t\t\t\t<div id=\"elementor-tab-title-2092\" class=\"elementor-tab-title\" data-tab=\"2\" role=\"button\" aria-controls=\"elementor-tab-content-2092\" aria-expanded=\"false\">\n\t\t\t\t\t\t\t\t\t\t\t\t<span class=\"elementor-toggle-icon elementor-toggle-icon-left\" aria-hidden=\"true\">\n\t\t\t\t\t\t\t\t\t\t\t\t\t\t\t<span class=\"elementor-toggle-icon-closed\"><i class=\"fas fa-caret-right\"><\/i><\/span>\n\t\t\t\t\t\t\t\t<span class=\"elementor-toggle-icon-opened\"><i class=\"elementor-toggle-icon-opened fas fa-caret-up\"><\/i><\/span>\n\t\t\t\t\t\t\t\t\t\t\t\t\t<\/span>\n\t\t\t\t\t\t\t\t\t\t\t\t<a class=\"elementor-toggle-title\" tabindex=\"0\">Yacht-Online (20.01.2023)<\/a>\n\t\t\t\t\t<\/div>\n\n\t\t\t\t\t<div id=\"elementor-tab-content-2092\" class=\"elementor-tab-content elementor-clearfix\" data-tab=\"2\" role=\"region\" aria-labelledby=\"elementor-tab-title-2092\"><p><a href=\"https:\/\/www.yacht.de\/regatta\/wettfahrten\/rorc-transatlantic-race-rafale-crew-feiert-ein-fast-perfektes-rennen\/\" target=\"_blank\" rel=\"noopener\">L&rsquo;\u00e9quipage du \u00ab\u00a0Rafale\u00a0\u00bb c\u00e9l\u00e8bre \u00ab\u00a0une course presque parfaite\u00a0\u00bb.<\/a> <\/p>\n<\/div>\n\t\t\t\t<\/div>\n\t\t\t\t\t\t\t<div class=\"elementor-toggle-item\">\n\t\t\t\t\t<div id=\"elementor-tab-title-2093\" class=\"elementor-tab-title\" data-tab=\"3\" role=\"button\" aria-controls=\"elementor-tab-content-2093\" aria-expanded=\"false\">\n\t\t\t\t\t\t\t\t\t\t\t\t<span class=\"elementor-toggle-icon elementor-toggle-icon-left\" aria-hidden=\"true\">\n\t\t\t\t\t\t\t\t\t\t\t\t\t\t\t<span class=\"elementor-toggle-icon-closed\"><i class=\"fas fa-caret-right\"><\/i><\/span>\n\t\t\t\t\t\t\t\t<span class=\"elementor-toggle-icon-opened\"><i class=\"elementor-toggle-icon-opened fas fa-caret-up\"><\/i><\/span>\n\t\t\t\t\t\t\t\t\t\t\t\t\t<\/span>\n\t\t\t\t\t\t\t\t\t\t\t\t<a class=\"elementor-toggle-title\" tabindex=\"0\">Segelreporter.com (20.01.2023)<\/a>\n\t\t\t\t\t<\/div>\n\n\t\t\t\t\t<div id=\"elementor-tab-content-2093\" class=\"elementor-tab-content elementor-clearfix\" data-tab=\"3\" role=\"region\" aria-labelledby=\"elementor-tab-title-2093\"><p class=\"subline\"><a href=\"https:\/\/segelreporter.com\/regatta\/rorc-transatlantic-race-zwei-deutsche-crews-auf-dem-treppchen\/\" target=\"_blank\" rel=\"noopener\"><span style=\"font-size: 12pt;\">La joie du coup d&rsquo;\u00e9clat atlantique<\/span><\/a><\/p>\n<\/div>\n\t\t\t\t<\/div>\n\t\t\t\t\t\t\t<div class=\"elementor-toggle-item\">\n\t\t\t\t\t<div id=\"elementor-tab-title-2094\" class=\"elementor-tab-title\" data-tab=\"4\" role=\"button\" aria-controls=\"elementor-tab-content-2094\" aria-expanded=\"false\">\n\t\t\t\t\t\t\t\t\t\t\t\t<span class=\"elementor-toggle-icon elementor-toggle-icon-left\" aria-hidden=\"true\">\n\t\t\t\t\t\t\t\t\t\t\t\t\t\t\t<span class=\"elementor-toggle-icon-closed\"><i class=\"fas fa-caret-right\"><\/i><\/span>\n\t\t\t\t\t\t\t\t<span class=\"elementor-toggle-icon-opened\"><i class=\"elementor-toggle-icon-opened fas fa-caret-up\"><\/i><\/span>\n\t\t\t\t\t\t\t\t\t\t\t\t\t<\/span>\n\t\t\t\t\t\t\t\t\t\t\t\t<a class=\"elementor-toggle-title\" tabindex=\"0\">Yacht-Online (07.01.2023)<\/a>\n\t\t\t\t\t<\/div>\n\n\t\t\t\t\t<div id=\"elementor-tab-content-2094\" class=\"elementor-tab-content elementor-clearfix\" data-tab=\"4\" role=\"region\" aria-labelledby=\"elementor-tab-title-2094\"><p><a href=\"https:\/\/www.yacht.de\/regatta\/wettfahrten\/rorc-transatlantic-race-neue-rekorde-fuer-den-klassiker\/\" target=\"_blank\" rel=\"noopener\">De nouveaux records pour la classique ?<\/a><\/p>\n<\/div>\n\t\t\t\t<\/div>\n\t\t\t\t\t\t\t<div class=\"elementor-toggle-item\">\n\t\t\t\t\t<div id=\"elementor-tab-title-2095\" class=\"elementor-tab-title\" data-tab=\"5\" role=\"button\" aria-controls=\"elementor-tab-content-2095\" aria-expanded=\"false\">\n\t\t\t\t\t\t\t\t\t\t\t\t<span class=\"elementor-toggle-icon elementor-toggle-icon-left\" aria-hidden=\"true\">\n\t\t\t\t\t\t\t\t\t\t\t\t\t\t\t<span class=\"elementor-toggle-icon-closed\"><i class=\"fas fa-caret-right\"><\/i><\/span>\n\t\t\t\t\t\t\t\t<span class=\"elementor-toggle-icon-opened\"><i class=\"elementor-toggle-icon-opened fas fa-caret-up\"><\/i><\/span>\n\t\t\t\t\t\t\t\t\t\t\t\t\t<\/span>\n\t\t\t\t\t\t\t\t\t\t\t\t<a class=\"elementor-toggle-title\" tabindex=\"0\">Kieler Yacht-Club (04.07.2021)<\/a>\n\t\t\t\t\t<\/div>\n\n\t\t\t\t\t<div id=\"elementor-tab-content-2095\" class=\"elementor-tab-content elementor-clearfix\" data-tab=\"5\" role=\"region\" aria-labelledby=\"elementor-tab-title-2095\"><p><a href=\"https:\/\/www.kyc.de\/home\/regatten\/detailansicht\/article\/stockholm-alle-guten-dinge-sind-drei-oder-endlich-gehts-um-die-insel\/\" target=\"_blank\" rel=\"noopener\">La troisi\u00e8me fois, c&rsquo;est la bonne.<\/a><\/p>\n<\/div>\n\t\t\t\t<\/div>\n\t\t\t\t\t\t\t<div class=\"elementor-toggle-item\">\n\t\t\t\t\t<div id=\"elementor-tab-title-2096\" class=\"elementor-tab-title\" data-tab=\"6\" role=\"button\" aria-controls=\"elementor-tab-content-2096\" aria-expanded=\"false\">\n\t\t\t\t\t\t\t\t\t\t\t\t<span class=\"elementor-toggle-icon elementor-toggle-icon-left\" aria-hidden=\"true\">\n\t\t\t\t\t\t\t\t\t\t\t\t\t\t\t<span class=\"elementor-toggle-icon-closed\"><i class=\"fas fa-caret-right\"><\/i><\/span>\n\t\t\t\t\t\t\t\t<span class=\"elementor-toggle-icon-opened\"><i class=\"elementor-toggle-icon-opened fas fa-caret-up\"><\/i><\/span>\n\t\t\t\t\t\t\t\t\t\t\t\t\t<\/span>\n\t\t\t\t\t\t\t\t\t\t\t\t<a class=\"elementor-toggle-title\" tabindex=\"0\">Yacht-Online (23.07.2019)<\/a>\n\t\t\t\t\t<\/div>\n\n\t\t\t\t\t<div id=\"elementor-tab-content-2096\" class=\"elementor-tab-content elementor-clearfix\" data-tab=\"6\" role=\"region\" aria-labelledby=\"elementor-tab-title-2096\"><p><a href=\"https:\/\/www.yacht.de\/regatta\/wettfahrten\/idm-orc-meisterlich-gesegelt-intermezzo-immac-fram-und-nemo\/\" target=\"_blank\" rel=\"noopener\">Voile de ma\u00eetre : \u00ab\u00a0Intermezzo\u00a0\u00bb, \u00ab\u00a0Immac Fram\u00a0\u00bb et \u00ab\u00a0Nemo<\/a><\/p>\n<\/div>\n\t\t\t\t<\/div>\n\t\t\t\t\t\t\t\t<\/div>\n\t\t\t\t\t\t<\/div>\n\t\t\t\t<\/div>\n\t\t\t\t\t<\/div>\n\t\t<\/div>\n\t\t\t\t\t<\/div>\n\t\t<\/section>\n\t\t\t\t<\/div>\n\t\t","protected":false},"excerpt":{"rendered":"<p>Yacht-Online (01.08.2023) TRANSAT JACQUES VABRE : Fabrice Amedeo mise sur un co-skipper de Kiel Yacht-Online (20.01.2023) L&#8217;\u00e9quipage du &#8222;Rafale&#8220; c\u00e9l\u00e8bre &#8222;une course presque parfaite&#8220;. Segelreporter.com (20.01.2023) La joie du coup d&#8217;\u00e9clat atlantique Yacht-Online (07.01.2023) De nouveaux records pour la classique ? Kieler Yacht-Club (04.07.2021) La troisi\u00e8me fois, c&#8217;est la bonne. Yacht-Online (23.07.2019) Voile de ma\u00eetre [&hellip;]<\/p>\n","protected":false},"author":1,"featured_media":0,"parent":0,"menu_order":0,"comment_status":"closed","ping_status":"closed","template":"","meta":{"saved_in_kubio":false,"content-type":"","footnotes":""},"class_list":["post-1816","page","type-page","status-publish","hentry"],"yoast_head":"<!-- This site is optimized with the Yoast SEO plugin v27.4 - https:\/\/yoast.com\/product\/yoast-seo-wordpress\/ -->\n<title>Presse - Andreas Baden Racing<\/title>\n<meta name=\"robots\" content=\"index, follow, max-snippet:-1, max-image-preview:large, max-video-preview:-1\" \/>\n<link rel=\"canonical\" href=\"https:\/\/andreasbadenracing.de\/fr\/presse\/\" \/>\n<meta property=\"og:locale\" content=\"fr_FR\" \/>\n<meta property=\"og:type\" content=\"article\" \/>\n<meta property=\"og:title\" content=\"Presse - Andreas Baden Racing\" \/>\n<meta property=\"og:description\" content=\"Yacht-Online (01.08.2023) TRANSAT JACQUES VABRE : Fabrice Amedeo mise sur un co-skipper de Kiel Yacht-Online (20.01.2023) L&#8217;\u00e9quipage du &#8222;Rafale&#8220; c\u00e9l\u00e8bre &#8222;une course presque parfaite&#8220;. Segelreporter.com (20.01.2023) La joie du coup d&#8217;\u00e9clat atlantique Yacht-Online (07.01.2023) De nouveaux records pour la classique ? Kieler Yacht-Club (04.07.2021) La troisi\u00e8me fois, c&#8217;est la bonne. Yacht-Online (23.07.2019) Voile de ma\u00eetre [&hellip;]\" \/>\n<meta property=\"og:url\" content=\"https:\/\/andreasbadenracing.de\/fr\/presse\/\" \/>\n<meta property=\"og:site_name\" content=\"Andreas Baden Racing\" \/>\n<meta property=\"article:modified_time\" content=\"2023-08-06T19:45:30+00:00\" \/>\n<meta name=\"twitter:card\" content=\"summary_large_image\" \/>\n<script type=\"application\/ld+json\" class=\"yoast-schema-graph\">{\"@context\":\"https:\\\/\\\/schema.org\",\"@graph\":[{\"@type\":\"WebPage\",\"@id\":\"https:\\\/\\\/andreasbadenracing.de\\\/fr\\\/presse\\\/\",\"url\":\"https:\\\/\\\/andreasbadenracing.de\\\/fr\\\/presse\\\/\",\"name\":\"Presse - Andreas Baden Racing\",\"isPartOf\":{\"@id\":\"https:\\\/\\\/andreasbadenracing.de\\\/fr\\\/#website\"},\"datePublished\":\"2023-07-25T06:00:00+00:00\",\"dateModified\":\"2023-08-06T19:45:30+00:00\",\"breadcrumb\":{\"@id\":\"https:\\\/\\\/andreasbadenracing.de\\\/fr\\\/presse\\\/#breadcrumb\"},\"inLanguage\":\"fr-FR\",\"potentialAction\":[{\"@type\":\"ReadAction\",\"target\":[\"https:\\\/\\\/andreasbadenracing.de\\\/fr\\\/presse\\\/\"]}]},{\"@type\":\"BreadcrumbList\",\"@id\":\"https:\\\/\\\/andreasbadenracing.de\\\/fr\\\/presse\\\/#breadcrumb\",\"itemListElement\":[{\"@type\":\"ListItem\",\"position\":1,\"name\":\"Startseite\",\"item\":\"https:\\\/\\\/andreasbadenracing.de\\\/fr\\\/\"},{\"@type\":\"ListItem\",\"position\":2,\"name\":\"Presse\"}]},{\"@type\":\"WebSite\",\"@id\":\"https:\\\/\\\/andreasbadenracing.de\\\/fr\\\/#website\",\"url\":\"https:\\\/\\\/andreasbadenracing.de\\\/fr\\\/\",\"name\":\"Andreas Baden Racing\",\"description\":\"Sustainable Offshore Racing\",\"publisher\":{\"@id\":\"https:\\\/\\\/andreasbadenracing.de\\\/fr\\\/#organization\"},\"potentialAction\":[{\"@type\":\"SearchAction\",\"target\":{\"@type\":\"EntryPoint\",\"urlTemplate\":\"https:\\\/\\\/andreasbadenracing.de\\\/fr\\\/?s={search_term_string}\"},\"query-input\":{\"@type\":\"PropertyValueSpecification\",\"valueRequired\":true,\"valueName\":\"search_term_string\"}}],\"inLanguage\":\"fr-FR\"},{\"@type\":\"Organization\",\"@id\":\"https:\\\/\\\/andreasbadenracing.de\\\/fr\\\/#organization\",\"name\":\"Andreas Baden Racing\",\"url\":\"https:\\\/\\\/andreasbadenracing.de\\\/fr\\\/\",\"logo\":{\"@type\":\"ImageObject\",\"inLanguage\":\"fr-FR\",\"@id\":\"https:\\\/\\\/andreasbadenracing.de\\\/fr\\\/#\\\/schema\\\/logo\\\/image\\\/\",\"url\":\"https:\\\/\\\/andreasbadenracing.de\\\/wp-content\\\/uploads\\\/2025\\\/05\\\/4.png\",\"contentUrl\":\"https:\\\/\\\/andreasbadenracing.de\\\/wp-content\\\/uploads\\\/2025\\\/05\\\/4.png\",\"width\":1563,\"height\":1563,\"caption\":\"Andreas Baden Racing\"},\"image\":{\"@id\":\"https:\\\/\\\/andreasbadenracing.de\\\/fr\\\/#\\\/schema\\\/logo\\\/image\\\/\"},\"sameAs\":[\"https:\\\/\\\/www.instagram.com\\\/andreasbadennavigateur\\\/\"]}]}<\/script>\n<!-- \/ Yoast SEO plugin. -->","yoast_head_json":{"title":"Presse - Andreas Baden Racing","robots":{"index":"index","follow":"follow","max-snippet":"max-snippet:-1","max-image-preview":"max-image-preview:large","max-video-preview":"max-video-preview:-1"},"canonical":"https:\/\/andreasbadenracing.de\/fr\/presse\/","og_locale":"fr_FR","og_type":"article","og_title":"Presse - Andreas Baden Racing","og_description":"Yacht-Online (01.08.2023) TRANSAT JACQUES VABRE : Fabrice Amedeo mise sur un co-skipper de Kiel Yacht-Online (20.01.2023) L&#8217;\u00e9quipage du &#8222;Rafale&#8220; c\u00e9l\u00e8bre &#8222;une course presque parfaite&#8220;. Segelreporter.com (20.01.2023) La joie du coup d&#8217;\u00e9clat atlantique Yacht-Online (07.01.2023) De nouveaux records pour la classique ? Kieler Yacht-Club (04.07.2021) La troisi\u00e8me fois, c&#8217;est la bonne. Yacht-Online (23.07.2019) Voile de ma\u00eetre [&hellip;]","og_url":"https:\/\/andreasbadenracing.de\/fr\/presse\/","og_site_name":"Andreas Baden Racing","article_modified_time":"2023-08-06T19:45:30+00:00","twitter_card":"summary_large_image","schema":{"@context":"https:\/\/schema.org","@graph":[{"@type":"WebPage","@id":"https:\/\/andreasbadenracing.de\/fr\/presse\/","url":"https:\/\/andreasbadenracing.de\/fr\/presse\/","name":"Presse - Andreas Baden Racing","isPartOf":{"@id":"https:\/\/andreasbadenracing.de\/fr\/#website"},"datePublished":"2023-07-25T06:00:00+00:00","dateModified":"2023-08-06T19:45:30+00:00","breadcrumb":{"@id":"https:\/\/andreasbadenracing.de\/fr\/presse\/#breadcrumb"},"inLanguage":"fr-FR","potentialAction":[{"@type":"ReadAction","target":["https:\/\/andreasbadenracing.de\/fr\/presse\/"]}]},{"@type":"BreadcrumbList","@id":"https:\/\/andreasbadenracing.de\/fr\/presse\/#breadcrumb","itemListElement":[{"@type":"ListItem","position":1,"name":"Startseite","item":"https:\/\/andreasbadenracing.de\/fr\/"},{"@type":"ListItem","position":2,"name":"Presse"}]},{"@type":"WebSite","@id":"https:\/\/andreasbadenracing.de\/fr\/#website","url":"https:\/\/andreasbadenracing.de\/fr\/","name":"Andreas Baden Racing","description":"Sustainable Offshore Racing","publisher":{"@id":"https:\/\/andreasbadenracing.de\/fr\/#organization"},"potentialAction":[{"@type":"SearchAction","target":{"@type":"EntryPoint","urlTemplate":"https:\/\/andreasbadenracing.de\/fr\/?s={search_term_string}"},"query-input":{"@type":"PropertyValueSpecification","valueRequired":true,"valueName":"search_term_string"}}],"inLanguage":"fr-FR"},{"@type":"Organization","@id":"https:\/\/andreasbadenracing.de\/fr\/#organization","name":"Andreas Baden Racing","url":"https:\/\/andreasbadenracing.de\/fr\/","logo":{"@type":"ImageObject","inLanguage":"fr-FR","@id":"https:\/\/andreasbadenracing.de\/fr\/#\/schema\/logo\/image\/","url":"https:\/\/andreasbadenracing.de\/wp-content\/uploads\/2025\/05\/4.png","contentUrl":"https:\/\/andreasbadenracing.de\/wp-content\/uploads\/2025\/05\/4.png","width":1563,"height":1563,"caption":"Andreas Baden Racing"},"image":{"@id":"https:\/\/andreasbadenracing.de\/fr\/#\/schema\/logo\/image\/"},"sameAs":["https:\/\/www.instagram.com\/andreasbadennavigateur\/"]}]}},"kubio_ai_page_context":{"short_desc":"","purpose":"general"},"_links":{"self":[{"href":"https:\/\/andreasbadenracing.de\/fr\/wp-json\/wp\/v2\/pages\/1816","targetHints":{"allow":["GET"]}}],"collection":[{"href":"https:\/\/andreasbadenracing.de\/fr\/wp-json\/wp\/v2\/pages"}],"about":[{"href":"https:\/\/andreasbadenracing.de\/fr\/wp-json\/wp\/v2\/types\/page"}],"author":[{"embeddable":true,"href":"https:\/\/andreasbadenracing.de\/fr\/wp-json\/wp\/v2\/users\/1"}],"replies":[{"embeddable":true,"href":"https:\/\/andreasbadenracing.de\/fr\/wp-json\/wp\/v2\/comments?post=1816"}],"version-history":[{"count":5,"href":"https:\/\/andreasbadenracing.de\/fr\/wp-json\/wp\/v2\/pages\/1816\/revisions"}],"predecessor-version":[{"id":1859,"href":"https:\/\/andreasbadenracing.de\/fr\/wp-json\/wp\/v2\/pages\/1816\/revisions\/1859"}],"wp:attachment":[{"href":"https:\/\/andreasbadenracing.de\/fr\/wp-json\/wp\/v2\/media?parent=1816"}],"curies":[{"name":"wp","href":"https:\/\/api.w.org\/{rel}","templated":true}]}}