{"id":2734,"date":"2023-12-19T16:10:18","date_gmt":"2023-12-19T16:10:18","guid":{"rendered":"https:\/\/andreasbadenracing.de\/a-propos-dandreas\/"},"modified":"2023-12-20T20:23:19","modified_gmt":"2023-12-20T20:23:19","slug":"a-propos-dandreas","status":"publish","type":"page","link":"https:\/\/andreasbadenracing.de\/fr\/a-propos-dandreas\/","title":{"rendered":"\u00c0 propos d&rsquo;Andreas"},"content":{"rendered":"\t\t<div data-elementor-type=\"wp-page\" data-elementor-id=\"2734\" class=\"elementor elementor-2734 elementor-2627\" data-elementor-post-type=\"page\">\n\t\t\t\t\t\t<section class=\"elementor-section elementor-top-section elementor-element elementor-element-32a31cd elementor-section-boxed elementor-section-height-default elementor-section-height-default\" data-id=\"32a31cd\" data-element_type=\"section\" data-e-type=\"section\">\n\t\t\t\t\t\t<div class=\"elementor-container elementor-column-gap-default\">\n\t\t\t\t\t<div class=\"elementor-column elementor-col-100 elementor-top-column elementor-element elementor-element-d7f84a0\" data-id=\"d7f84a0\" data-element_type=\"column\" data-e-type=\"column\">\n\t\t\t<div class=\"elementor-widget-wrap elementor-element-populated\">\n\t\t\t\t\t\t<div class=\"elementor-element elementor-element-9042984 elementor-widget elementor-widget-text-editor\" data-id=\"9042984\" data-element_type=\"widget\" data-e-type=\"widget\" data-widget_type=\"text-editor.default\">\n\t\t\t\t<div class=\"elementor-widget-container\">\n\t\t\t\t\t\t\t\t\t<p><img fetchpriority=\"high\" decoding=\"async\" class=\"wp-image-2545 alignleft\" src=\"https:\/\/andreasbadenracing.de\/wp-content\/uploads\/2023\/12\/2023-11-17-10.20.09-1024x576.jpg\" alt=\"\" width=\"584\" height=\"329\" srcset=\"https:\/\/andreasbadenracing.de\/wp-content\/uploads\/2023\/12\/2023-11-17-10.20.09-1024x576.jpg 1024w, https:\/\/andreasbadenracing.de\/wp-content\/uploads\/2023\/12\/2023-11-17-10.20.09-300x169.jpg 300w, https:\/\/andreasbadenracing.de\/wp-content\/uploads\/2023\/12\/2023-11-17-10.20.09-768x432.jpg 768w, https:\/\/andreasbadenracing.de\/wp-content\/uploads\/2023\/12\/2023-11-17-10.20.09-1536x864.jpg 1536w, https:\/\/andreasbadenracing.de\/wp-content\/uploads\/2023\/12\/2023-11-17-10.20.09-2048x1152.jpg 2048w, https:\/\/andreasbadenracing.de\/wp-content\/uploads\/2023\/12\/2023-11-17-10.20.09-470x264.jpg 470w\" sizes=\"(max-width: 584px) 100vw, 584px\" \/><\/p>\n<p>Andreas navigue de mani\u00e8re comp\u00e9titive au plus haut niveau et a d\u00e9j\u00e0 obtenu de nombreux r\u00e9sultats sur les podiums nationaux et internationaux. Parall\u00e8lement, l&rsquo;augmentation de la durabilit\u00e9 ainsi que la transformation \u00e9nerg\u00e9tique pour s&rsquo;\u00e9loigner des \u00e9nergies fossiles sont des pr\u00e9occupations majeures pour Andreas.<\/p>\n<p>Ayant \u00e9tudi\u00e9 l&rsquo;agronomie et l&rsquo;environnement, il est important pour Andreas que nos actions quotidiennes aient une valeur ajout\u00e9e pour l&rsquo;environnement et notre avenir.  <\/p>\n<p>En cons\u00e9quence, en plus de sa carri\u00e8re de navigateur, Andreas s&rsquo;est engag\u00e9 intensivement dans le domaine de la transition \u00e9nerg\u00e9tique et du d\u00e9veloppement durable. Outre des conf\u00e9rences d&rsquo;impulsion dans tous les domaines de la durabilit\u00e9, il s&rsquo;est concentr\u00e9 sur le conseil et le suivi de mesures dans le domaine du d\u00e9veloppement \u00e9nerg\u00e9tique des quartiers et de la transition thermique.<\/p>\n\t\t\t\t\t\t\t\t<\/div>\n\t\t\t\t<\/div>\n\t\t\t\t<div class=\"elementor-element elementor-element-faedfa6 elementor-widget elementor-widget-text-editor\" data-id=\"faedfa6\" data-element_type=\"widget\" data-e-type=\"widget\" data-widget_type=\"text-editor.default\">\n\t\t\t\t<div class=\"elementor-widget-container\">\n\t\t\t\t\t\t\t\t\t<p><img decoding=\"async\" class=\"alignright wp-image-2432 size-full\" src=\"https:\/\/andreasbadenracing.de\/wp-content\/uploads\/2023\/12\/TJV23_Imoca_Start_0711JML4280-scaled-e1703067428349.jpg\" alt=\"(photo par Jean-Marie Liot \/ Alea)\" width=\"494\" height=\"329\"><\/p>\n<p>En 2023, Andreas a eu la possibilit\u00e9 de renforcer l&rsquo;\u00e9quipe de Fabrice Amedeo pour la saison et de naviguer en tant que co-skipper avec Fabrice sur la Transat Jacques Vabres sur son voilier de course IMOCA 60. Cette offre \u00e9tait pour Andreas le match parfait, car en plus de partager des ambitions sportives, Fabrice et Andreas partagent \u00e9galement les m\u00eames valeurs en termes de durabilit\u00e9. Ils ont ainsi r\u00e9ussi \u00e0 atteindre leur objectif de r\u00e9aliser la Transat Jacques Vabres, soit plus de 4000 milles de distance et 16 jours, 21 heures, 52 minutes et 40 secondes de mer, sans utiliser d&rsquo;\u00e9nergie fossile. Pour ce faire, leur IMOCA avait embarqu\u00e9 un smart grid dans lequel l&rsquo;\u00e9nergie n\u00e9cessaire \u00e9tait produite \u00e0 l&rsquo;aide de panneaux solaires et d&rsquo;hydrog\u00e9n\u00e9rateurs et stock\u00e9e temporairement dans des batteries lithium-ion.  <\/p>\n<p>En outre, un OceanPack Race de la soci\u00e9t\u00e9 SubCtech GmbH a \u00e9t\u00e9 install\u00e9 \u00e0 bord, permettant de mesurer en permanence la temp\u00e9rature de l&rsquo;eau, la salinit\u00e9 et la teneur en oxyg\u00e8ne dans l&rsquo;Atlantique pendant la navigation. Ces donn\u00e9es sont mises \u00e0 la disposition de la communaut\u00e9 scientifique, qui les int\u00e8gre dans des \u00e9tudes sur la sant\u00e9 et l&rsquo;\u00e9tat de nos mers.<\/p>\n<p>Dans le cadre de sa propre campagne pour le Vend\u00e9e Globe 2028, Andreas souhaite montrer que les approches durables et \u00e9nerg\u00e9tiquement avanc\u00e9es s&rsquo;assemblent comme un puzzle, se compl\u00e8tent et permettent ainsi de penser et de d\u00e9velopper les domaines des sports nautiques, des mat\u00e9riaux composites et de l&rsquo;\u00e9nergie de mani\u00e8re durable et orient\u00e9e vers l&rsquo;avenir.<\/p>\n\t\t\t\t\t\t\t\t<\/div>\n\t\t\t\t<\/div>\n\t\t\t\t<div class=\"elementor-element elementor-element-73a95b3 elementor-shape-rounded elementor-grid-0 e-grid-align-center elementor-widget elementor-widget-social-icons\" data-id=\"73a95b3\" data-element_type=\"widget\" data-e-type=\"widget\" data-widget_type=\"social-icons.default\">\n\t\t\t\t<div class=\"elementor-widget-container\">\n\t\t\t\t\t\t\t<div class=\"elementor-social-icons-wrapper elementor-grid\" role=\"list\">\n\t\t\t\t\t\t\t<span class=\"elementor-grid-item\" role=\"listitem\">\n\t\t\t\t\t<a class=\"elementor-icon elementor-social-icon elementor-social-icon-linkedin elementor-repeater-item-26bd30a\" href=\"https:\/\/www.linkedin.com\/in\/andreas-baden-a791a6153\/\" target=\"_blank\">\n\t\t\t\t\t\t<span class=\"elementor-screen-only\">Linkedin<\/span>\n\t\t\t\t\t\t<i aria-hidden=\"true\" class=\"fab fa-linkedin\"><\/i>\t\t\t\t\t<\/a>\n\t\t\t\t<\/span>\n\t\t\t\t\t\t\t<span class=\"elementor-grid-item\" role=\"listitem\">\n\t\t\t\t\t<a class=\"elementor-icon elementor-social-icon elementor-social-icon-instagram elementor-repeater-item-105d0e0\" href=\"https:\/\/www.instagram.com\/andreasbadennavigateur\/\" target=\"_blank\">\n\t\t\t\t\t\t<span class=\"elementor-screen-only\">Instagram<\/span>\n\t\t\t\t\t\t<i aria-hidden=\"true\" class=\"fab fa-instagram\"><\/i>\t\t\t\t\t<\/a>\n\t\t\t\t<\/span>\n\t\t\t\t\t\t\t<span class=\"elementor-grid-item\" role=\"listitem\">\n\t\t\t\t\t<a class=\"elementor-icon elementor-social-icon elementor-social-icon-youtube elementor-repeater-item-f87731b\" href=\"http:\/\/www.youtube.com\/@andreasbadenracing\" target=\"_blank\">\n\t\t\t\t\t\t<span class=\"elementor-screen-only\">Youtube<\/span>\n\t\t\t\t\t\t<i aria-hidden=\"true\" class=\"fab fa-youtube\"><\/i>\t\t\t\t\t<\/a>\n\t\t\t\t<\/span>\n\t\t\t\t\t\t\t<span class=\"elementor-grid-item\" role=\"listitem\">\n\t\t\t\t\t<a class=\"elementor-icon elementor-social-icon elementor-social-icon-facebook elementor-repeater-item-074ade7\" href=\"https:\/\/www.facebook.com\/andreas.baden\" target=\"_blank\">\n\t\t\t\t\t\t<span class=\"elementor-screen-only\">Facebook<\/span>\n\t\t\t\t\t\t<i aria-hidden=\"true\" class=\"fab fa-facebook\"><\/i>\t\t\t\t\t<\/a>\n\t\t\t\t<\/span>\n\t\t\t\t\t<\/div>\n\t\t\t\t\t\t<\/div>\n\t\t\t\t<\/div>\n\t\t\t\t<div class=\"elementor-element elementor-element-b6087a7 elementor-widget elementor-widget-image\" data-id=\"b6087a7\" data-element_type=\"widget\" data-e-type=\"widget\" data-widget_type=\"image.default\">\n\t\t\t\t<div class=\"elementor-widget-container\">\n\t\t\t\t\t\t\t\t\t\t\t\t\t\t\t<img decoding=\"async\" width=\"768\" height=\"432\" src=\"https:\/\/andreasbadenracing.de\/wp-content\/uploads\/2023\/11\/PXL_20231123_175122225.PORTRAIT-768x432.jpg\" class=\"attachment-medium_large size-medium_large wp-image-2342\" alt=\"\" srcset=\"https:\/\/andreasbadenracing.de\/wp-content\/uploads\/2023\/11\/PXL_20231123_175122225.PORTRAIT-768x432.jpg 768w, https:\/\/andreasbadenracing.de\/wp-content\/uploads\/2023\/11\/PXL_20231123_175122225.PORTRAIT-300x169.jpg 300w, https:\/\/andreasbadenracing.de\/wp-content\/uploads\/2023\/11\/PXL_20231123_175122225.PORTRAIT-1024x576.jpg 1024w, https:\/\/andreasbadenracing.de\/wp-content\/uploads\/2023\/11\/PXL_20231123_175122225.PORTRAIT-1536x864.jpg 1536w, https:\/\/andreasbadenracing.de\/wp-content\/uploads\/2023\/11\/PXL_20231123_175122225.PORTRAIT-2048x1152.jpg 2048w\" sizes=\"(max-width: 768px) 100vw, 768px\" \/>\t\t\t\t\t\t\t\t\t\t\t\t\t\t\t<\/div>\n\t\t\t\t<\/div>\n\t\t\t\t<section class=\"elementor-section elementor-inner-section elementor-element elementor-element-4483571 elementor-section-boxed elementor-section-height-default elementor-section-height-default\" data-id=\"4483571\" data-element_type=\"section\" data-e-type=\"section\">\n\t\t\t\t\t\t<div class=\"elementor-container elementor-column-gap-default\">\n\t\t\t\t\t<div class=\"elementor-column elementor-col-50 elementor-inner-column elementor-element elementor-element-48af934\" data-id=\"48af934\" data-element_type=\"column\" data-e-type=\"column\">\n\t\t\t<div class=\"elementor-widget-wrap\">\n\t\t\t\t\t\t\t<\/div>\n\t\t<\/div>\n\t\t\t\t<div class=\"elementor-column elementor-col-50 elementor-inner-column elementor-element elementor-element-3cf7ecb\" data-id=\"3cf7ecb\" data-element_type=\"column\" data-e-type=\"column\">\n\t\t\t<div class=\"elementor-widget-wrap\">\n\t\t\t\t\t\t\t<\/div>\n\t\t<\/div>\n\t\t\t\t\t<\/div>\n\t\t<\/section>\n\t\t\t\t<section class=\"elementor-section elementor-inner-section elementor-element elementor-element-2f817f0 elementor-section-boxed elementor-section-height-default elementor-section-height-default\" data-id=\"2f817f0\" data-element_type=\"section\" data-e-type=\"section\">\n\t\t\t\t\t\t<div class=\"elementor-container elementor-column-gap-default\">\n\t\t\t\t\t<div class=\"elementor-column elementor-col-50 elementor-inner-column elementor-element elementor-element-06baa15\" data-id=\"06baa15\" data-element_type=\"column\" data-e-type=\"column\">\n\t\t\t<div class=\"elementor-widget-wrap\">\n\t\t\t\t\t\t\t<\/div>\n\t\t<\/div>\n\t\t\t\t<div class=\"elementor-column elementor-col-50 elementor-inner-column elementor-element elementor-element-ac61764\" data-id=\"ac61764\" data-element_type=\"column\" data-e-type=\"column\">\n\t\t\t<div class=\"elementor-widget-wrap\">\n\t\t\t\t\t\t\t<\/div>\n\t\t<\/div>\n\t\t\t\t\t<\/div>\n\t\t<\/section>\n\t\t\t\t\t<\/div>\n\t\t<\/div>\n\t\t\t\t\t<\/div>\n\t\t<\/section>\n\t\t\t\t<section class=\"elementor-section elementor-top-section elementor-element elementor-element-bc01439 elementor-section-boxed elementor-section-height-default elementor-section-height-default\" data-id=\"bc01439\" data-element_type=\"section\" data-e-type=\"section\">\n\t\t\t\t\t\t<div class=\"elementor-container elementor-column-gap-default\">\n\t\t\t\t\t<div class=\"elementor-column elementor-col-100 elementor-top-column elementor-element elementor-element-82ab8b1\" data-id=\"82ab8b1\" data-element_type=\"column\" data-e-type=\"column\">\n\t\t\t<div class=\"elementor-widget-wrap\">\n\t\t\t\t\t\t\t<\/div>\n\t\t<\/div>\n\t\t\t\t\t<\/div>\n\t\t<\/section>\n\t\t\t\t<\/div>\n\t\t","protected":false},"excerpt":{"rendered":"<p>Andreas navigue de mani\u00e8re comp\u00e9titive au plus haut niveau et a d\u00e9j\u00e0 obtenu de nombreux r\u00e9sultats sur les podiums nationaux et internationaux. Parall\u00e8lement, l&rsquo;augmentation de la durabilit\u00e9 ainsi que la transformation \u00e9nerg\u00e9tique pour s&rsquo;\u00e9loigner des \u00e9nergies fossiles sont des pr\u00e9occupations majeures pour Andreas. Ayant \u00e9tudi\u00e9 l&rsquo;agronomie et l&rsquo;environnement, il est important pour Andreas que nos [&hellip;]<\/p>\n","protected":false},"author":1,"featured_media":0,"parent":0,"menu_order":0,"comment_status":"closed","ping_status":"closed","template":"","meta":{"saved_in_kubio":false,"content-type":"","footnotes":""},"class_list":["post-2734","page","type-page","status-publish","hentry"],"yoast_head":"<!-- This site is optimized with the Yoast SEO plugin v27.4 - https:\/\/yoast.com\/product\/yoast-seo-wordpress\/ -->\n<title>\u00c0 propos d&#039;Andreas - Andreas Baden Racing<\/title>\n<meta name=\"robots\" content=\"index, follow, max-snippet:-1, max-image-preview:large, max-video-preview:-1\" \/>\n<link rel=\"canonical\" href=\"https:\/\/andreasbadenracing.de\/fr\/a-propos-dandreas\/\" \/>\n<meta property=\"og:locale\" content=\"fr_FR\" \/>\n<meta property=\"og:type\" content=\"article\" \/>\n<meta property=\"og:title\" content=\"\u00c0 propos d&#039;Andreas - Andreas Baden Racing\" \/>\n<meta property=\"og:description\" content=\"Andreas navigue de mani\u00e8re comp\u00e9titive au plus haut niveau et a d\u00e9j\u00e0 obtenu de nombreux r\u00e9sultats sur les podiums nationaux et internationaux. Parall\u00e8lement, l&rsquo;augmentation de la durabilit\u00e9 ainsi que la transformation \u00e9nerg\u00e9tique pour s&rsquo;\u00e9loigner des \u00e9nergies fossiles sont des pr\u00e9occupations majeures pour Andreas. Ayant \u00e9tudi\u00e9 l&rsquo;agronomie et l&rsquo;environnement, il est important pour Andreas que nos [&hellip;]\" \/>\n<meta property=\"og:url\" content=\"https:\/\/andreasbadenracing.de\/fr\/a-propos-dandreas\/\" \/>\n<meta property=\"og:site_name\" content=\"Andreas Baden Racing\" \/>\n<meta property=\"article:modified_time\" content=\"2023-12-20T20:23:19+00:00\" \/>\n<meta property=\"og:image\" content=\"https:\/\/andreasbadenracing.de\/wp-content\/uploads\/2023\/12\/2023-11-17-10.20.09-1024x576.jpg\" \/>\n<meta name=\"twitter:card\" content=\"summary_large_image\" \/>\n<meta name=\"twitter:label1\" content=\"Dur\u00e9e de lecture estim\u00e9e\" \/>\n\t<meta name=\"twitter:data1\" content=\"2 minutes\" \/>\n<script type=\"application\/ld+json\" class=\"yoast-schema-graph\">{\"@context\":\"https:\\\/\\\/schema.org\",\"@graph\":[{\"@type\":\"WebPage\",\"@id\":\"https:\\\/\\\/andreasbadenracing.de\\\/fr\\\/a-propos-dandreas\\\/\",\"url\":\"https:\\\/\\\/andreasbadenracing.de\\\/fr\\\/a-propos-dandreas\\\/\",\"name\":\"\u00c0 propos d'Andreas - Andreas Baden Racing\",\"isPartOf\":{\"@id\":\"https:\\\/\\\/andreasbadenracing.de\\\/fr\\\/#website\"},\"primaryImageOfPage\":{\"@id\":\"https:\\\/\\\/andreasbadenracing.de\\\/fr\\\/a-propos-dandreas\\\/#primaryimage\"},\"image\":{\"@id\":\"https:\\\/\\\/andreasbadenracing.de\\\/fr\\\/a-propos-dandreas\\\/#primaryimage\"},\"thumbnailUrl\":\"https:\\\/\\\/andreasbadenracing.de\\\/wp-content\\\/uploads\\\/2023\\\/12\\\/2023-11-17-10.20.09-1024x576.jpg\",\"datePublished\":\"2023-12-19T16:10:18+00:00\",\"dateModified\":\"2023-12-20T20:23:19+00:00\",\"breadcrumb\":{\"@id\":\"https:\\\/\\\/andreasbadenracing.de\\\/fr\\\/a-propos-dandreas\\\/#breadcrumb\"},\"inLanguage\":\"fr-FR\",\"potentialAction\":[{\"@type\":\"ReadAction\",\"target\":[\"https:\\\/\\\/andreasbadenracing.de\\\/fr\\\/a-propos-dandreas\\\/\"]}]},{\"@type\":\"ImageObject\",\"inLanguage\":\"fr-FR\",\"@id\":\"https:\\\/\\\/andreasbadenracing.de\\\/fr\\\/a-propos-dandreas\\\/#primaryimage\",\"url\":\"https:\\\/\\\/andreasbadenracing.de\\\/wp-content\\\/uploads\\\/2023\\\/12\\\/2023-11-17-10.20.09-1024x576.jpg\",\"contentUrl\":\"https:\\\/\\\/andreasbadenracing.de\\\/wp-content\\\/uploads\\\/2023\\\/12\\\/2023-11-17-10.20.09-1024x576.jpg\"},{\"@type\":\"BreadcrumbList\",\"@id\":\"https:\\\/\\\/andreasbadenracing.de\\\/fr\\\/a-propos-dandreas\\\/#breadcrumb\",\"itemListElement\":[{\"@type\":\"ListItem\",\"position\":1,\"name\":\"Startseite\",\"item\":\"https:\\\/\\\/andreasbadenracing.de\\\/fr\\\/\"},{\"@type\":\"ListItem\",\"position\":2,\"name\":\"\u00c0 propos d&#8217;Andreas\"}]},{\"@type\":\"WebSite\",\"@id\":\"https:\\\/\\\/andreasbadenracing.de\\\/fr\\\/#website\",\"url\":\"https:\\\/\\\/andreasbadenracing.de\\\/fr\\\/\",\"name\":\"Andreas Baden Racing\",\"description\":\"Sustainable Offshore Racing\",\"publisher\":{\"@id\":\"https:\\\/\\\/andreasbadenracing.de\\\/fr\\\/#organization\"},\"potentialAction\":[{\"@type\":\"SearchAction\",\"target\":{\"@type\":\"EntryPoint\",\"urlTemplate\":\"https:\\\/\\\/andreasbadenracing.de\\\/fr\\\/?s={search_term_string}\"},\"query-input\":{\"@type\":\"PropertyValueSpecification\",\"valueRequired\":true,\"valueName\":\"search_term_string\"}}],\"inLanguage\":\"fr-FR\"},{\"@type\":\"Organization\",\"@id\":\"https:\\\/\\\/andreasbadenracing.de\\\/fr\\\/#organization\",\"name\":\"Andreas Baden Racing\",\"url\":\"https:\\\/\\\/andreasbadenracing.de\\\/fr\\\/\",\"logo\":{\"@type\":\"ImageObject\",\"inLanguage\":\"fr-FR\",\"@id\":\"https:\\\/\\\/andreasbadenracing.de\\\/fr\\\/#\\\/schema\\\/logo\\\/image\\\/\",\"url\":\"https:\\\/\\\/andreasbadenracing.de\\\/wp-content\\\/uploads\\\/2025\\\/05\\\/4.png\",\"contentUrl\":\"https:\\\/\\\/andreasbadenracing.de\\\/wp-content\\\/uploads\\\/2025\\\/05\\\/4.png\",\"width\":1563,\"height\":1563,\"caption\":\"Andreas Baden Racing\"},\"image\":{\"@id\":\"https:\\\/\\\/andreasbadenracing.de\\\/fr\\\/#\\\/schema\\\/logo\\\/image\\\/\"},\"sameAs\":[\"https:\\\/\\\/www.instagram.com\\\/andreasbadennavigateur\\\/\"]}]}<\/script>\n<!-- \/ Yoast SEO plugin. -->","yoast_head_json":{"title":"\u00c0 propos d'Andreas - Andreas Baden Racing","robots":{"index":"index","follow":"follow","max-snippet":"max-snippet:-1","max-image-preview":"max-image-preview:large","max-video-preview":"max-video-preview:-1"},"canonical":"https:\/\/andreasbadenracing.de\/fr\/a-propos-dandreas\/","og_locale":"fr_FR","og_type":"article","og_title":"\u00c0 propos d'Andreas - Andreas Baden Racing","og_description":"Andreas navigue de mani\u00e8re comp\u00e9titive au plus haut niveau et a d\u00e9j\u00e0 obtenu de nombreux r\u00e9sultats sur les podiums nationaux et internationaux. Parall\u00e8lement, l&rsquo;augmentation de la durabilit\u00e9 ainsi que la transformation \u00e9nerg\u00e9tique pour s&rsquo;\u00e9loigner des \u00e9nergies fossiles sont des pr\u00e9occupations majeures pour Andreas. Ayant \u00e9tudi\u00e9 l&rsquo;agronomie et l&rsquo;environnement, il est important pour Andreas que nos [&hellip;]","og_url":"https:\/\/andreasbadenracing.de\/fr\/a-propos-dandreas\/","og_site_name":"Andreas Baden Racing","article_modified_time":"2023-12-20T20:23:19+00:00","og_image":[{"url":"https:\/\/andreasbadenracing.de\/wp-content\/uploads\/2023\/12\/2023-11-17-10.20.09-1024x576.jpg","type":"","width":"","height":""}],"twitter_card":"summary_large_image","twitter_misc":{"Dur\u00e9e de lecture estim\u00e9e":"2 minutes"},"schema":{"@context":"https:\/\/schema.org","@graph":[{"@type":"WebPage","@id":"https:\/\/andreasbadenracing.de\/fr\/a-propos-dandreas\/","url":"https:\/\/andreasbadenracing.de\/fr\/a-propos-dandreas\/","name":"\u00c0 propos d'Andreas - Andreas Baden Racing","isPartOf":{"@id":"https:\/\/andreasbadenracing.de\/fr\/#website"},"primaryImageOfPage":{"@id":"https:\/\/andreasbadenracing.de\/fr\/a-propos-dandreas\/#primaryimage"},"image":{"@id":"https:\/\/andreasbadenracing.de\/fr\/a-propos-dandreas\/#primaryimage"},"thumbnailUrl":"https:\/\/andreasbadenracing.de\/wp-content\/uploads\/2023\/12\/2023-11-17-10.20.09-1024x576.jpg","datePublished":"2023-12-19T16:10:18+00:00","dateModified":"2023-12-20T20:23:19+00:00","breadcrumb":{"@id":"https:\/\/andreasbadenracing.de\/fr\/a-propos-dandreas\/#breadcrumb"},"inLanguage":"fr-FR","potentialAction":[{"@type":"ReadAction","target":["https:\/\/andreasbadenracing.de\/fr\/a-propos-dandreas\/"]}]},{"@type":"ImageObject","inLanguage":"fr-FR","@id":"https:\/\/andreasbadenracing.de\/fr\/a-propos-dandreas\/#primaryimage","url":"https:\/\/andreasbadenracing.de\/wp-content\/uploads\/2023\/12\/2023-11-17-10.20.09-1024x576.jpg","contentUrl":"https:\/\/andreasbadenracing.de\/wp-content\/uploads\/2023\/12\/2023-11-17-10.20.09-1024x576.jpg"},{"@type":"BreadcrumbList","@id":"https:\/\/andreasbadenracing.de\/fr\/a-propos-dandreas\/#breadcrumb","itemListElement":[{"@type":"ListItem","position":1,"name":"Startseite","item":"https:\/\/andreasbadenracing.de\/fr\/"},{"@type":"ListItem","position":2,"name":"\u00c0 propos d&#8217;Andreas"}]},{"@type":"WebSite","@id":"https:\/\/andreasbadenracing.de\/fr\/#website","url":"https:\/\/andreasbadenracing.de\/fr\/","name":"Andreas Baden Racing","description":"Sustainable Offshore Racing","publisher":{"@id":"https:\/\/andreasbadenracing.de\/fr\/#organization"},"potentialAction":[{"@type":"SearchAction","target":{"@type":"EntryPoint","urlTemplate":"https:\/\/andreasbadenracing.de\/fr\/?s={search_term_string}"},"query-input":{"@type":"PropertyValueSpecification","valueRequired":true,"valueName":"search_term_string"}}],"inLanguage":"fr-FR"},{"@type":"Organization","@id":"https:\/\/andreasbadenracing.de\/fr\/#organization","name":"Andreas Baden Racing","url":"https:\/\/andreasbadenracing.de\/fr\/","logo":{"@type":"ImageObject","inLanguage":"fr-FR","@id":"https:\/\/andreasbadenracing.de\/fr\/#\/schema\/logo\/image\/","url":"https:\/\/andreasbadenracing.de\/wp-content\/uploads\/2025\/05\/4.png","contentUrl":"https:\/\/andreasbadenracing.de\/wp-content\/uploads\/2025\/05\/4.png","width":1563,"height":1563,"caption":"Andreas Baden Racing"},"image":{"@id":"https:\/\/andreasbadenracing.de\/fr\/#\/schema\/logo\/image\/"},"sameAs":["https:\/\/www.instagram.com\/andreasbadennavigateur\/"]}]}},"kubio_ai_page_context":{"short_desc":"","purpose":"general"},"_links":{"self":[{"href":"https:\/\/andreasbadenracing.de\/fr\/wp-json\/wp\/v2\/pages\/2734","targetHints":{"allow":["GET"]}}],"collection":[{"href":"https:\/\/andreasbadenracing.de\/fr\/wp-json\/wp\/v2\/pages"}],"about":[{"href":"https:\/\/andreasbadenracing.de\/fr\/wp-json\/wp\/v2\/types\/page"}],"author":[{"embeddable":true,"href":"https:\/\/andreasbadenracing.de\/fr\/wp-json\/wp\/v2\/users\/1"}],"replies":[{"embeddable":true,"href":"https:\/\/andreasbadenracing.de\/fr\/wp-json\/wp\/v2\/comments?post=2734"}],"version-history":[{"count":9,"href":"https:\/\/andreasbadenracing.de\/fr\/wp-json\/wp\/v2\/pages\/2734\/revisions"}],"predecessor-version":[{"id":2786,"href":"https:\/\/andreasbadenracing.de\/fr\/wp-json\/wp\/v2\/pages\/2734\/revisions\/2786"}],"wp:attachment":[{"href":"https:\/\/andreasbadenracing.de\/fr\/wp-json\/wp\/v2\/media?parent=2734"}],"curies":[{"name":"wp","href":"https:\/\/api.w.org\/{rel}","templated":true}]}}