{"id":2789,"date":"2023-12-19T16:09:16","date_gmt":"2023-12-19T16:09:16","guid":{"rendered":"https:\/\/andreasbadenracing.de\/racing\/"},"modified":"2023-12-20T20:30:43","modified_gmt":"2023-12-20T20:30:43","slug":"racing","status":"publish","type":"page","link":"https:\/\/andreasbadenracing.de\/fr\/racing\/","title":{"rendered":"Racing"},"content":{"rendered":"\t\t<div data-elementor-type=\"wp-page\" data-elementor-id=\"2789\" class=\"elementor elementor-2789 elementor-2625\" data-elementor-post-type=\"page\">\n\t\t\t\t\t\t<section class=\"elementor-section elementor-top-section elementor-element elementor-element-dfdcc99 elementor-section-boxed elementor-section-height-default elementor-section-height-default\" data-id=\"dfdcc99\" data-element_type=\"section\" data-e-type=\"section\">\n\t\t\t\t\t\t<div class=\"elementor-container elementor-column-gap-default\">\n\t\t\t\t\t<div class=\"elementor-column elementor-col-100 elementor-top-column elementor-element elementor-element-3bfa4e5\" data-id=\"3bfa4e5\" data-element_type=\"column\" data-e-type=\"column\">\n\t\t\t<div class=\"elementor-widget-wrap elementor-element-populated\">\n\t\t\t\t\t\t<div class=\"elementor-element elementor-element-c312813 elementor-widget elementor-widget-heading\" data-id=\"c312813\" data-element_type=\"widget\" data-e-type=\"widget\" data-widget_type=\"heading.default\">\n\t\t\t\t<div class=\"elementor-widget-container\">\n\t\t\t\t\t<h2 class=\"elementor-heading-title elementor-size-default\">Racing avec valeur ajout\u00e9e - #bethechange<\/h2>\t\t\t\t<\/div>\n\t\t\t\t<\/div>\n\t\t\t\t<div class=\"elementor-element elementor-element-6c10c8e elementor-widget__width-initial elementor-widget elementor-widget-text-editor\" data-id=\"6c10c8e\" data-element_type=\"widget\" data-e-type=\"widget\" data-widget_type=\"text-editor.default\">\n\t\t\t\t<div class=\"elementor-widget-container\">\n\t\t\t\t\t\t\t\t\t<p>La course au large comme vitrine du possible. C&rsquo;est la vision d&rsquo;Andreas. Participation au Vend\u00e9e Globe 2028 en tant que course au large la plus difficile. Non-stop des Sables d&rsquo;Olonne en 21.638 milles ( 40.075 kilom\u00e8tres) une fois autour du globe, seul sur un 60 pieds de course.<img fetchpriority=\"high\" decoding=\"async\" class=\"alignleft wp-image-1980\" src=\"https:\/\/andreasbadenracing.de\/wp-content\/uploads\/2023\/10\/20231011_122632-300x225.jpg\" alt=\"\" width=\"400\" height=\"300\" srcset=\"https:\/\/andreasbadenracing.de\/wp-content\/uploads\/2023\/10\/20231011_122632-300x225.jpg 300w, https:\/\/andreasbadenracing.de\/wp-content\/uploads\/2023\/10\/20231011_122632-1024x768.jpg 1024w, https:\/\/andreasbadenracing.de\/wp-content\/uploads\/2023\/10\/20231011_122632-768x576.jpg 768w, https:\/\/andreasbadenracing.de\/wp-content\/uploads\/2023\/10\/20231011_122632-1536x1152.jpg 1536w, https:\/\/andreasbadenracing.de\/wp-content\/uploads\/2023\/10\/20231011_122632-2048x1536.jpg 2048w\" sizes=\"(max-width: 400px) 100vw, 400px\" \/>  La durabilit\u00e9 sera au c\u0153ur de la campagne. Ainsi, le yacht naviguera enti\u00e8rement sans utiliser d&rsquo;\u00e9nergie fossile. Propuls\u00e9 uniquement par les \u00e9l\u00e9ments et la force musculaire. En outre, dans tous les domaines du projet, on v\u00e9rifie si la variante la plus durable a \u00e9t\u00e9 utilis\u00e9e et quelles sont les alternatives plus durables disponibles. Nous souhaitons faire un pas de plus en mati\u00e8re de gestion de la durabilit\u00e9 et \u00eatre une source d&rsquo;inspiration.  <\/p>\n<p><img decoding=\"async\" class=\"alignright wp-image-2154\" src=\"https:\/\/andreasbadenracing.de\/wp-content\/uploads\/2023\/10\/Defi-Azimut-18_1.50.1-300x200.jpg\" alt=\"\" width=\"400\" height=\"267\" srcset=\"https:\/\/andreasbadenracing.de\/wp-content\/uploads\/2023\/10\/Defi-Azimut-18_1.50.1-300x200.jpg 300w, https:\/\/andreasbadenracing.de\/wp-content\/uploads\/2023\/10\/Defi-Azimut-18_1.50.1-1024x683.jpg 1024w, https:\/\/andreasbadenracing.de\/wp-content\/uploads\/2023\/10\/Defi-Azimut-18_1.50.1-768x512.jpg 768w, https:\/\/andreasbadenracing.de\/wp-content\/uploads\/2023\/10\/Defi-Azimut-18_1.50.1-1536x1024.jpg 1536w, https:\/\/andreasbadenracing.de\/wp-content\/uploads\/2023\/10\/Defi-Azimut-18_1.50.1-2048x1366.jpg 2048w\" sizes=\"(max-width: 400px) 100vw, 400px\" \/>En collaboration avec des partenaires et des fournisseurs, nous nous effor\u00e7ons de d\u00e9velopper les mat\u00e9riaux et les technologies tout en r\u00e9duisant consid\u00e9rablement l&#8217;empreinte carbone. En participant \u00e0 la course \u00e0 la voile la plus difficile au monde, nous voulons d\u00e9montrer que cela n&rsquo;est pas incompatible avec la comp\u00e9titivit\u00e9 et que cela peut m\u00eame conduire \u00e0 une meilleure performance. Parall\u00e8lement, nous voulons aider la science \u00e0 collecter des donn\u00e9es sur l&rsquo;\u00e9tat des oc\u00e9ans, car nous voyageons beaucoup avec nos bateaux et nous nous aventurons aussi dans des r\u00e9gions plus \u00e9loign\u00e9es comme l&rsquo;oc\u00e9an Austral, o\u00f9 le trafic maritime est nettement moins important que sur les principales routes commerciales et o\u00f9 les donn\u00e9es sont donc aussi nettement plus faibles.<\/p>\n\t\t\t\t\t\t\t\t<\/div>\n\t\t\t\t<\/div>\n\t\t\t\t<section class=\"elementor-section elementor-inner-section elementor-element elementor-element-a976848 elementor-section-boxed elementor-section-height-default elementor-section-height-default\" data-id=\"a976848\" data-element_type=\"section\" data-e-type=\"section\">\n\t\t\t\t\t\t<div class=\"elementor-container elementor-column-gap-default\">\n\t\t\t\t\t<div class=\"elementor-column elementor-col-50 elementor-inner-column elementor-element elementor-element-261e94b\" data-id=\"261e94b\" data-element_type=\"column\" data-e-type=\"column\">\n\t\t\t<div class=\"elementor-widget-wrap elementor-element-populated\">\n\t\t\t\t\t\t<div class=\"elementor-element elementor-element-d177151 elementor-widget elementor-widget-image\" data-id=\"d177151\" data-element_type=\"widget\" data-e-type=\"widget\" data-widget_type=\"image.default\">\n\t\t\t\t<div class=\"elementor-widget-container\">\n\t\t\t\t\t\t\t\t\t\t\t\t\t\t\t<img decoding=\"async\" width=\"1024\" height=\"576\" src=\"https:\/\/andreasbadenracing.de\/wp-content\/uploads\/2023\/11\/20231117_093220_294-1024x576.jpg\" class=\"attachment-large size-large wp-image-2264\" alt=\"\" srcset=\"https:\/\/andreasbadenracing.de\/wp-content\/uploads\/2023\/11\/20231117_093220_294-1024x576.jpg 1024w, https:\/\/andreasbadenracing.de\/wp-content\/uploads\/2023\/11\/20231117_093220_294-300x169.jpg 300w, https:\/\/andreasbadenracing.de\/wp-content\/uploads\/2023\/11\/20231117_093220_294-768x432.jpg 768w, https:\/\/andreasbadenracing.de\/wp-content\/uploads\/2023\/11\/20231117_093220_294-1536x864.jpg 1536w, https:\/\/andreasbadenracing.de\/wp-content\/uploads\/2023\/11\/20231117_093220_294-2048x1152.jpg 2048w\" sizes=\"(max-width: 1024px) 100vw, 1024px\" \/>\t\t\t\t\t\t\t\t\t\t\t\t\t\t\t<\/div>\n\t\t\t\t<\/div>\n\t\t\t\t\t<\/div>\n\t\t<\/div>\n\t\t\t\t<div class=\"elementor-column elementor-col-50 elementor-inner-column elementor-element elementor-element-89c8864\" data-id=\"89c8864\" data-element_type=\"column\" data-e-type=\"column\">\n\t\t\t<div class=\"elementor-widget-wrap\">\n\t\t\t\t\t\t\t<\/div>\n\t\t<\/div>\n\t\t\t\t\t<\/div>\n\t\t<\/section>\n\t\t\t\t<section class=\"elementor-section elementor-inner-section elementor-element elementor-element-c94ec36 elementor-section-boxed elementor-section-height-default elementor-section-height-default\" data-id=\"c94ec36\" data-element_type=\"section\" data-e-type=\"section\">\n\t\t\t\t\t\t<div class=\"elementor-container elementor-column-gap-default\">\n\t\t\t\t\t<div class=\"elementor-column elementor-col-50 elementor-inner-column elementor-element elementor-element-1873cea\" data-id=\"1873cea\" data-element_type=\"column\" data-e-type=\"column\">\n\t\t\t<div class=\"elementor-widget-wrap\">\n\t\t\t\t\t\t\t<\/div>\n\t\t<\/div>\n\t\t\t\t<div class=\"elementor-column elementor-col-50 elementor-inner-column elementor-element elementor-element-e6a84d0\" data-id=\"e6a84d0\" data-element_type=\"column\" data-e-type=\"column\">\n\t\t\t<div class=\"elementor-widget-wrap\">\n\t\t\t\t\t\t\t<\/div>\n\t\t<\/div>\n\t\t\t\t\t<\/div>\n\t\t<\/section>\n\t\t\t\t\t<\/div>\n\t\t<\/div>\n\t\t\t\t\t<\/div>\n\t\t<\/section>\n\t\t\t\t<\/div>\n\t\t","protected":false},"excerpt":{"rendered":"<p>Racing avec valeur ajout\u00e9e &#8211; #bethechange La course au large comme vitrine du possible. C&rsquo;est la vision d&rsquo;Andreas. Participation au Vend\u00e9e Globe 2028 en tant que course au large la plus difficile. Non-stop des Sables d&rsquo;Olonne en 21.638 milles ( 40.075 kilom\u00e8tres) une fois autour du globe, seul sur un 60 pieds de course. La [&hellip;]<\/p>\n","protected":false},"author":1,"featured_media":0,"parent":0,"menu_order":0,"comment_status":"closed","ping_status":"closed","template":"","meta":{"saved_in_kubio":false,"content-type":"","footnotes":""},"class_list":["post-2789","page","type-page","status-publish","hentry"],"yoast_head":"<!-- This site is optimized with the Yoast SEO plugin v27.4 - https:\/\/yoast.com\/product\/yoast-seo-wordpress\/ -->\n<title>Racing - Andreas Baden Racing<\/title>\n<meta name=\"robots\" content=\"index, follow, max-snippet:-1, max-image-preview:large, max-video-preview:-1\" \/>\n<link rel=\"canonical\" href=\"https:\/\/andreasbadenracing.de\/fr\/racing\/\" \/>\n<meta property=\"og:locale\" content=\"fr_FR\" \/>\n<meta property=\"og:type\" content=\"article\" \/>\n<meta property=\"og:title\" content=\"Racing - Andreas Baden Racing\" \/>\n<meta property=\"og:description\" content=\"Racing avec valeur ajout\u00e9e &#8211; #bethechange La course au large comme vitrine du possible. C&rsquo;est la vision d&rsquo;Andreas. Participation au Vend\u00e9e Globe 2028 en tant que course au large la plus difficile. Non-stop des Sables d&rsquo;Olonne en 21.638 milles ( 40.075 kilom\u00e8tres) une fois autour du globe, seul sur un 60 pieds de course. La [&hellip;]\" \/>\n<meta property=\"og:url\" content=\"https:\/\/andreasbadenracing.de\/fr\/racing\/\" \/>\n<meta property=\"og:site_name\" content=\"Andreas Baden Racing\" \/>\n<meta property=\"article:modified_time\" content=\"2023-12-20T20:30:43+00:00\" \/>\n<meta property=\"og:image\" content=\"https:\/\/andreasbadenracing.de\/wp-content\/uploads\/2023\/10\/20231011_122632-300x225.jpg\" \/>\n<meta name=\"twitter:card\" content=\"summary_large_image\" \/>\n<meta name=\"twitter:label1\" content=\"Dur\u00e9e de lecture estim\u00e9e\" \/>\n\t<meta name=\"twitter:data1\" content=\"1 minute\" \/>\n<script type=\"application\/ld+json\" class=\"yoast-schema-graph\">{\"@context\":\"https:\\\/\\\/schema.org\",\"@graph\":[{\"@type\":\"WebPage\",\"@id\":\"https:\\\/\\\/andreasbadenracing.de\\\/fr\\\/racing\\\/\",\"url\":\"https:\\\/\\\/andreasbadenracing.de\\\/fr\\\/racing\\\/\",\"name\":\"Racing - Andreas Baden Racing\",\"isPartOf\":{\"@id\":\"https:\\\/\\\/andreasbadenracing.de\\\/fr\\\/#website\"},\"primaryImageOfPage\":{\"@id\":\"https:\\\/\\\/andreasbadenracing.de\\\/fr\\\/racing\\\/#primaryimage\"},\"image\":{\"@id\":\"https:\\\/\\\/andreasbadenracing.de\\\/fr\\\/racing\\\/#primaryimage\"},\"thumbnailUrl\":\"https:\\\/\\\/andreasbadenracing.de\\\/wp-content\\\/uploads\\\/2023\\\/10\\\/20231011_122632-300x225.jpg\",\"datePublished\":\"2023-12-19T16:09:16+00:00\",\"dateModified\":\"2023-12-20T20:30:43+00:00\",\"breadcrumb\":{\"@id\":\"https:\\\/\\\/andreasbadenracing.de\\\/fr\\\/racing\\\/#breadcrumb\"},\"inLanguage\":\"fr-FR\",\"potentialAction\":[{\"@type\":\"ReadAction\",\"target\":[\"https:\\\/\\\/andreasbadenracing.de\\\/fr\\\/racing\\\/\"]}]},{\"@type\":\"ImageObject\",\"inLanguage\":\"fr-FR\",\"@id\":\"https:\\\/\\\/andreasbadenracing.de\\\/fr\\\/racing\\\/#primaryimage\",\"url\":\"https:\\\/\\\/andreasbadenracing.de\\\/wp-content\\\/uploads\\\/2023\\\/10\\\/20231011_122632-300x225.jpg\",\"contentUrl\":\"https:\\\/\\\/andreasbadenracing.de\\\/wp-content\\\/uploads\\\/2023\\\/10\\\/20231011_122632-300x225.jpg\"},{\"@type\":\"BreadcrumbList\",\"@id\":\"https:\\\/\\\/andreasbadenracing.de\\\/fr\\\/racing\\\/#breadcrumb\",\"itemListElement\":[{\"@type\":\"ListItem\",\"position\":1,\"name\":\"Startseite\",\"item\":\"https:\\\/\\\/andreasbadenracing.de\\\/fr\\\/\"},{\"@type\":\"ListItem\",\"position\":2,\"name\":\"Racing\"}]},{\"@type\":\"WebSite\",\"@id\":\"https:\\\/\\\/andreasbadenracing.de\\\/fr\\\/#website\",\"url\":\"https:\\\/\\\/andreasbadenracing.de\\\/fr\\\/\",\"name\":\"Andreas Baden Racing\",\"description\":\"Sustainable Offshore Racing\",\"publisher\":{\"@id\":\"https:\\\/\\\/andreasbadenracing.de\\\/fr\\\/#organization\"},\"potentialAction\":[{\"@type\":\"SearchAction\",\"target\":{\"@type\":\"EntryPoint\",\"urlTemplate\":\"https:\\\/\\\/andreasbadenracing.de\\\/fr\\\/?s={search_term_string}\"},\"query-input\":{\"@type\":\"PropertyValueSpecification\",\"valueRequired\":true,\"valueName\":\"search_term_string\"}}],\"inLanguage\":\"fr-FR\"},{\"@type\":\"Organization\",\"@id\":\"https:\\\/\\\/andreasbadenracing.de\\\/fr\\\/#organization\",\"name\":\"Andreas Baden Racing\",\"url\":\"https:\\\/\\\/andreasbadenracing.de\\\/fr\\\/\",\"logo\":{\"@type\":\"ImageObject\",\"inLanguage\":\"fr-FR\",\"@id\":\"https:\\\/\\\/andreasbadenracing.de\\\/fr\\\/#\\\/schema\\\/logo\\\/image\\\/\",\"url\":\"https:\\\/\\\/andreasbadenracing.de\\\/wp-content\\\/uploads\\\/2025\\\/05\\\/4.png\",\"contentUrl\":\"https:\\\/\\\/andreasbadenracing.de\\\/wp-content\\\/uploads\\\/2025\\\/05\\\/4.png\",\"width\":1563,\"height\":1563,\"caption\":\"Andreas Baden Racing\"},\"image\":{\"@id\":\"https:\\\/\\\/andreasbadenracing.de\\\/fr\\\/#\\\/schema\\\/logo\\\/image\\\/\"},\"sameAs\":[\"https:\\\/\\\/www.instagram.com\\\/andreasbadennavigateur\\\/\"]}]}<\/script>\n<!-- \/ Yoast SEO plugin. -->","yoast_head_json":{"title":"Racing - Andreas Baden Racing","robots":{"index":"index","follow":"follow","max-snippet":"max-snippet:-1","max-image-preview":"max-image-preview:large","max-video-preview":"max-video-preview:-1"},"canonical":"https:\/\/andreasbadenracing.de\/fr\/racing\/","og_locale":"fr_FR","og_type":"article","og_title":"Racing - Andreas Baden Racing","og_description":"Racing avec valeur ajout\u00e9e &#8211; #bethechange La course au large comme vitrine du possible. C&rsquo;est la vision d&rsquo;Andreas. Participation au Vend\u00e9e Globe 2028 en tant que course au large la plus difficile. Non-stop des Sables d&rsquo;Olonne en 21.638 milles ( 40.075 kilom\u00e8tres) une fois autour du globe, seul sur un 60 pieds de course. La [&hellip;]","og_url":"https:\/\/andreasbadenracing.de\/fr\/racing\/","og_site_name":"Andreas Baden Racing","article_modified_time":"2023-12-20T20:30:43+00:00","og_image":[{"url":"https:\/\/andreasbadenracing.de\/wp-content\/uploads\/2023\/10\/20231011_122632-300x225.jpg","type":"","width":"","height":""}],"twitter_card":"summary_large_image","twitter_misc":{"Dur\u00e9e de lecture estim\u00e9e":"1 minute"},"schema":{"@context":"https:\/\/schema.org","@graph":[{"@type":"WebPage","@id":"https:\/\/andreasbadenracing.de\/fr\/racing\/","url":"https:\/\/andreasbadenracing.de\/fr\/racing\/","name":"Racing - Andreas Baden Racing","isPartOf":{"@id":"https:\/\/andreasbadenracing.de\/fr\/#website"},"primaryImageOfPage":{"@id":"https:\/\/andreasbadenracing.de\/fr\/racing\/#primaryimage"},"image":{"@id":"https:\/\/andreasbadenracing.de\/fr\/racing\/#primaryimage"},"thumbnailUrl":"https:\/\/andreasbadenracing.de\/wp-content\/uploads\/2023\/10\/20231011_122632-300x225.jpg","datePublished":"2023-12-19T16:09:16+00:00","dateModified":"2023-12-20T20:30:43+00:00","breadcrumb":{"@id":"https:\/\/andreasbadenracing.de\/fr\/racing\/#breadcrumb"},"inLanguage":"fr-FR","potentialAction":[{"@type":"ReadAction","target":["https:\/\/andreasbadenracing.de\/fr\/racing\/"]}]},{"@type":"ImageObject","inLanguage":"fr-FR","@id":"https:\/\/andreasbadenracing.de\/fr\/racing\/#primaryimage","url":"https:\/\/andreasbadenracing.de\/wp-content\/uploads\/2023\/10\/20231011_122632-300x225.jpg","contentUrl":"https:\/\/andreasbadenracing.de\/wp-content\/uploads\/2023\/10\/20231011_122632-300x225.jpg"},{"@type":"BreadcrumbList","@id":"https:\/\/andreasbadenracing.de\/fr\/racing\/#breadcrumb","itemListElement":[{"@type":"ListItem","position":1,"name":"Startseite","item":"https:\/\/andreasbadenracing.de\/fr\/"},{"@type":"ListItem","position":2,"name":"Racing"}]},{"@type":"WebSite","@id":"https:\/\/andreasbadenracing.de\/fr\/#website","url":"https:\/\/andreasbadenracing.de\/fr\/","name":"Andreas Baden Racing","description":"Sustainable Offshore Racing","publisher":{"@id":"https:\/\/andreasbadenracing.de\/fr\/#organization"},"potentialAction":[{"@type":"SearchAction","target":{"@type":"EntryPoint","urlTemplate":"https:\/\/andreasbadenracing.de\/fr\/?s={search_term_string}"},"query-input":{"@type":"PropertyValueSpecification","valueRequired":true,"valueName":"search_term_string"}}],"inLanguage":"fr-FR"},{"@type":"Organization","@id":"https:\/\/andreasbadenracing.de\/fr\/#organization","name":"Andreas Baden Racing","url":"https:\/\/andreasbadenracing.de\/fr\/","logo":{"@type":"ImageObject","inLanguage":"fr-FR","@id":"https:\/\/andreasbadenracing.de\/fr\/#\/schema\/logo\/image\/","url":"https:\/\/andreasbadenracing.de\/wp-content\/uploads\/2025\/05\/4.png","contentUrl":"https:\/\/andreasbadenracing.de\/wp-content\/uploads\/2025\/05\/4.png","width":1563,"height":1563,"caption":"Andreas Baden Racing"},"image":{"@id":"https:\/\/andreasbadenracing.de\/fr\/#\/schema\/logo\/image\/"},"sameAs":["https:\/\/www.instagram.com\/andreasbadennavigateur\/"]}]}},"kubio_ai_page_context":{"short_desc":"","purpose":"general"},"_links":{"self":[{"href":"https:\/\/andreasbadenracing.de\/fr\/wp-json\/wp\/v2\/pages\/2789","targetHints":{"allow":["GET"]}}],"collection":[{"href":"https:\/\/andreasbadenracing.de\/fr\/wp-json\/wp\/v2\/pages"}],"about":[{"href":"https:\/\/andreasbadenracing.de\/fr\/wp-json\/wp\/v2\/types\/page"}],"author":[{"embeddable":true,"href":"https:\/\/andreasbadenracing.de\/fr\/wp-json\/wp\/v2\/users\/1"}],"replies":[{"embeddable":true,"href":"https:\/\/andreasbadenracing.de\/fr\/wp-json\/wp\/v2\/comments?post=2789"}],"version-history":[{"count":3,"href":"https:\/\/andreasbadenracing.de\/fr\/wp-json\/wp\/v2\/pages\/2789\/revisions"}],"predecessor-version":[{"id":2802,"href":"https:\/\/andreasbadenracing.de\/fr\/wp-json\/wp\/v2\/pages\/2789\/revisions\/2802"}],"wp:attachment":[{"href":"https:\/\/andreasbadenracing.de\/fr\/wp-json\/wp\/v2\/media?parent=2789"}],"curies":[{"name":"wp","href":"https:\/\/api.w.org\/{rel}","templated":true}]}}